{"id":307,"date":"2020-01-13T11:17:52","date_gmt":"2020-01-13T11:17:52","guid":{"rendered":"https:\/\/demosites.io\/web-agency-gb\/?page_id=5"},"modified":"2024-05-17T08:10:10","modified_gmt":"2024-05-17T08:10:10","slug":"15c42-web-agency-gb-home","status":"publish","type":"page","link":"https:\/\/bussodoo.com\/pt\/","title":{"rendered":"Home"},"content":{"rendered":"\n<div class=\"wp-block-cover alignfull is-light\" style=\"min-height:700px;aspect-ratio:unset;\"><span aria-hidden=\"true\" class=\"wp-block-cover__background has-background-dim-0 has-background-dim\"><\/span><img loading=\"lazy\" decoding=\"async\" width=\"1366\" height=\"768\" class=\"wp-block-cover__image-background wp-image-109\" alt=\"\" src=\"http:\/\/bussodoo.com\/wp-content\/uploads\/2020\/07\/web-design-studio-01.jpg.jpg\" style=\"object-position:50% 64%\" data-object-fit=\"cover\" data-object-position=\"50% 64%\" srcset=\"https:\/\/bussodoo.com\/wp-content\/uploads\/2020\/07\/web-design-studio-01.jpg.jpg 1366w, https:\/\/bussodoo.com\/wp-content\/uploads\/2020\/07\/web-design-studio-01.jpg-300x169.jpg 300w\" sizes=\"(max-width: 1366px) 100vw, 1366px\" \/><div class=\"wp-block-cover__inner-container is-layout-flow wp-block-cover-is-layout-flow\">\n<div style=\"height:80px\" aria-hidden=\"true\" class=\"wp-block-spacer\"><\/div>\n\n\n\n<h1 class=\"wp-block-heading has-text-align-center has-text-color\" style=\"color:#121212\">Uma equipe de profissionais para desenvolver suas ideias<\/h1>\n\n\n\n<p class=\"has-text-align-center has-text-color\" style=\"color:#121212;font-size:17px\">Desenvolvimento web de projetos complexos desde 2011.<br>Especialistas na constru\u00e7\u00e3o de solu\u00e7\u00f5es customizadas baseadas em intelig\u00eancia artificial e criptomoedas.<\/p>\n\n\n\n<div class=\"wp-block-buttons is-horizontal is-content-justification-center is-layout-flex wp-container-core-buttons-is-layout-499968f5 wp-block-buttons-is-layout-flex\">\n<div class=\"wp-block-button is-style-primary\"><a class=\"wp-block-button__link wp-element-button\" href=\"https:\/\/bussodoo.com\/pt\/about-us\/\">Mais detalhes<\/a><\/div>\n\n\n\n<div class=\"wp-block-button is-style-secondary\"><a class=\"wp-block-button__link wp-element-button\" href=\"https:\/\/bussodoo.com\/pt\/contact-us\/\">Contate-nos<\/a><\/div>\n<\/div>\n\n\n\n<div style=\"height:80px\" aria-hidden=\"true\" class=\"wp-block-spacer\"><\/div>\n\n\n\n<div style=\"height:80px\" aria-hidden=\"true\" class=\"wp-block-spacer\"><\/div>\n<\/div><\/div>\n\n\n\n<div style=\"height:80px\" aria-hidden=\"true\" class=\"wp-block-spacer\"><\/div>\n\n\n\n<div class=\"wp-block-columns is-layout-flex wp-container-core-columns-is-layout-9d6595d7 wp-block-columns-is-layout-flex\">\n<div class=\"wp-block-column is-layout-flow wp-block-column-is-layout-flow\"><div class=\"wp-block-image icon-style is-style-rounded\">\n<figure class=\"aligncenter size-large\"><img loading=\"lazy\" decoding=\"async\" width=\"72\" height=\"72\" src=\"http:\/\/bussodoo.com\/wp-content\/uploads\/2020\/01\/neve-webdesign-GB-03.png\" alt=\"\" class=\"wp-image-20\" title=\"\"\/><\/figure>\n<\/div>\n\n\n<div style=\"height:20px\" aria-hidden=\"true\" class=\"wp-block-spacer\"><\/div>\n\n\n\n<h3 class=\"wp-block-heading has-text-align-center has-neve-text-color-color has-text-color\">Desenvolvimento de IA<\/h3>\n\n\n\n<p class=\"has-text-align-center\">Desenvolvimento e implementa\u00e7\u00e3o de intelig\u00eancia artificial em aplica\u00e7\u00f5es de processamento de dados.<\/p>\n\n\n\n<div style=\"height:20px\" aria-hidden=\"true\" class=\"wp-block-spacer\"><\/div>\n<\/div>\n\n\n\n<div class=\"wp-block-column is-layout-flow wp-block-column-is-layout-flow\"><div class=\"wp-block-image icon-style is-style-rounded\">\n<figure class=\"aligncenter size-large\"><img decoding=\"async\" src=\"http:\/\/bussodoo.com\/wp-content\/uploads\/2020\/01\/neve-webdesign-GB-04.png\" alt=\"\" class=\"wp-image-21\"\/><\/figure>\n<\/div>\n\n\n<div style=\"height:20px\" aria-hidden=\"true\" class=\"wp-block-spacer\"><\/div>\n\n\n\n<h3 class=\"wp-block-heading has-text-align-center has-neve-text-color-color has-text-color\">Desenvolvimento de criptomoeda<\/h3>\n\n\n\n<p class=\"has-text-align-center\">Desenvolvimento de criptomoedas pr\u00f3prias, plataformas centralizadas e mercados NFT.<\/p>\n\n\n\n<div style=\"height:20px\" aria-hidden=\"true\" class=\"wp-block-spacer\"><\/div>\n<\/div>\n\n\n\n<div class=\"wp-block-column is-layout-flow wp-block-column-is-layout-flow\"><div class=\"wp-block-image icon-style is-style-rounded\">\n<figure class=\"aligncenter size-large\"><img decoding=\"async\" src=\"http:\/\/bussodoo.com\/wp-content\/uploads\/2020\/01\/neve-webdesign-GB-01.png\" alt=\"\" class=\"wp-image-18\"\/><\/figure>\n<\/div>\n\n\n<div style=\"height:20px\" aria-hidden=\"true\" class=\"wp-block-spacer\"><\/div>\n\n\n\n<h3 class=\"wp-block-heading has-text-align-center has-neve-text-color-color has-text-color\">Desenvolvimento personalizado<\/h3>\n\n\n\n<p class=\"has-text-align-center\">Desenvolvimento de projetos escal\u00e1veis baseados em arquitetura de microsservi\u00e7os.<\/p>\n\n\n\n<div style=\"height:20px\" aria-hidden=\"true\" class=\"wp-block-spacer\"><\/div>\n<\/div>\n<\/div>\n\n\n\n<div style=\"height:80px\" aria-hidden=\"true\" class=\"wp-block-spacer\"><\/div>\n\n\n\n<div class=\"wp-block-cover alignfull\" style=\"min-height:600px;aspect-ratio:unset;\"><span aria-hidden=\"true\" class=\"wp-block-cover__background has-nv-light-bg-background-color has-background-dim-100 has-background-dim\"><\/span><div class=\"wp-block-cover__inner-container is-layout-flow wp-block-cover-is-layout-flow\">\n<div class=\"wp-block-group\"><div class=\"wp-block-group__inner-container is-layout-flow wp-block-group-is-layout-flow\">\n<div style=\"height:80px\" aria-hidden=\"true\" class=\"wp-block-spacer\"><\/div>\n\n\n\n<div class=\"wp-block-columns are-vertically-aligned-center is-layout-flex wp-container-core-columns-is-layout-9d6595d7 wp-block-columns-is-layout-flex\">\n<div class=\"wp-block-column is-vertically-aligned-center is-layout-flow wp-block-column-is-layout-flow\" style=\"flex-basis:50%\">\n<figure class=\"wp-block-image size-large is-resized\"><img decoding=\"async\" src=\"http:\/\/bussodoo.com\/wp-content\/uploads\/2020\/01\/neve-web-design-bg-10.jpg\" alt=\"\" class=\"wp-image-37\" style=\"width:526px;height:auto\"\/><\/figure>\n<\/div>\n\n\n\n<div class=\"wp-block-column is-vertically-aligned-center is-layout-flow wp-block-column-is-layout-flow\" style=\"flex-basis:50%\">\n<div style=\"height:20px\" aria-hidden=\"true\" class=\"wp-block-spacer\"><\/div>\n\n\n\n<h2 class=\"wp-block-heading has-text-align-left has-neve-text-color-color has-text-color\">Desenvolvimento personalizado<\/h2>\n\n\n\n<p class=\"has-text-align-left has-neve-text-color-color has-text-color\" style=\"font-size:17px\">Nossa empresa desenvolve projetos a partir do desenvolvimento da ideia e do desenho do design. Todos os layouts s\u00e3o elaborados no Figma e fornecidos ao cliente para verifica\u00e7\u00e3o.<\/p>\n\n\n\n<p class=\"has-neve-text-color-color has-text-color has-link-color wp-elements-46b8ca4b0e0abe8ad55b9beb633eb1fe\" style=\"font-size:17px\">A equipe de design utiliza estilos e abordagens modernas na prepara\u00e7\u00e3o de layouts. Todos os componentes s\u00e3o organizados de acordo com um design responsivo para UI\/UX.<\/p>\n\n\n\n<div class=\"wp-block-buttons is-horizontal is-content-justification-left is-layout-flex wp-container-core-buttons-is-layout-7e5fce0a wp-block-buttons-is-layout-flex\">\n<div class=\"wp-block-button is-style-primary\"><a class=\"wp-block-button__link wp-element-button\" href=\"https:\/\/bussodoo.com\/pt\/services\/\">Mais detalhes<\/a><\/div>\n<\/div>\n<\/div>\n<\/div>\n\n\n\n<div style=\"height:40px\" aria-hidden=\"true\" class=\"wp-block-spacer\"><\/div>\n<\/div><\/div>\n<\/div><\/div>\n\n\n\n<div class=\"wp-block-cover alignfull\" style=\"min-height:600px;aspect-ratio:unset;\"><span aria-hidden=\"true\" class=\"wp-block-cover__background has-nv-site-bg-background-color has-background-dim-100 has-background-dim\"><\/span><div class=\"wp-block-cover__inner-container is-layout-flow wp-block-cover-is-layout-flow\">\n<div class=\"wp-block-group\"><div class=\"wp-block-group__inner-container is-layout-flow wp-block-group-is-layout-flow\">\n<div style=\"height:80px\" aria-hidden=\"true\" class=\"wp-block-spacer\"><\/div>\n\n\n\n<div class=\"wp-block-columns are-vertically-aligned-center is-layout-flex wp-container-core-columns-is-layout-9d6595d7 wp-block-columns-is-layout-flex\">\n<div class=\"wp-block-column is-vertically-aligned-center is-layout-flow wp-block-column-is-layout-flow\" style=\"flex-basis:50%\">\n<h2 class=\"wp-block-heading has-text-align-left has-neve-text-color-color has-text-color\">Desenvolvimento de criptomoeda<\/h2>\n\n\n\n<p class=\"has-text-align-left has-neve-text-color-color has-text-color\" style=\"font-size:17px\">Nossa empresa est\u00e1 envolvida no desenvolvimento e integra\u00e7\u00e3o de criptomoedas em plataformas financeiras. Nossa experi\u00eancia nos permite criar exchanges de criptomoedas de complexidade variada: plataformas criptogr\u00e1ficas centralizadas e descentralizadas, exchanges p2p, leil\u00f5es NFT.<\/p>\n\n\n\n<p class=\"has-neve-text-color-color has-text-color has-link-color wp-elements-7079b89510506053f4a57b140d21da0c\" style=\"font-size:17px\">Grande experi\u00eancia em desenvolvimento e auditoria de contratos inteligentes e implementa\u00e7\u00e3o de criptomoedas para aceita\u00e7\u00e3o de pagamentos. Nossos especialistas tamb\u00e9m permitem que voc\u00ea organize o trabalho do seu projeto criptogr\u00e1fico.<\/p>\n\n\n\n<div class=\"wp-block-buttons is-horizontal is-content-justification-left is-layout-flex wp-container-core-buttons-is-layout-7e5fce0a wp-block-buttons-is-layout-flex\">\n<div class=\"wp-block-button is-style-primary\"><a class=\"wp-block-button__link wp-element-button\" href=\"https:\/\/bussodoo.com\/pt\/services\/\">Mais detalhes<\/a><\/div>\n<\/div>\n\n\n\n<div style=\"height:40px\" aria-hidden=\"true\" class=\"wp-block-spacer\"><\/div>\n<\/div>\n\n\n\n<div class=\"wp-block-column is-vertically-aligned-center is-layout-flow wp-block-column-is-layout-flow\" style=\"flex-basis:50%\">\n<figure class=\"wp-block-image size-large is-resized\"><img loading=\"lazy\" decoding=\"async\" width=\"600\" height=\"600\" src=\"http:\/\/bussodoo.com\/wp-content\/uploads\/2020\/01\/neve-web-design-bg-13.jpg\" alt=\"\" class=\"wp-image-40\" style=\"width:572px;height:auto\" srcset=\"https:\/\/bussodoo.com\/wp-content\/uploads\/2020\/01\/neve-web-design-bg-13.jpg 600w, https:\/\/bussodoo.com\/wp-content\/uploads\/2020\/01\/neve-web-design-bg-13-300x300.jpg 300w, https:\/\/bussodoo.com\/wp-content\/uploads\/2020\/01\/neve-web-design-bg-13-150x150.jpg 150w\" sizes=\"(max-width: 600px) 100vw, 600px\" \/><\/figure>\n<\/div>\n<\/div>\n\n\n\n<div style=\"height:40px\" aria-hidden=\"true\" class=\"wp-block-spacer\"><\/div>\n<\/div><\/div>\n<\/div><\/div>\n\n\n\n<div class=\"wp-block-cover alignfull\" style=\"min-height:600px;aspect-ratio:unset;\"><span aria-hidden=\"true\" class=\"wp-block-cover__background has-nv-dark-bg-background-color has-background-dim-100 has-background-dim\"><\/span><div class=\"wp-block-cover__inner-container is-layout-flow wp-block-cover-is-layout-flow\">\n<div class=\"wp-block-group\"><div class=\"wp-block-group__inner-container is-layout-flow wp-block-group-is-layout-flow\">\n<div style=\"height:80px\" aria-hidden=\"true\" class=\"wp-block-spacer\"><\/div>\n\n\n\n<div class=\"wp-block-columns are-vertically-aligned-center is-layout-flex wp-container-core-columns-is-layout-9d6595d7 wp-block-columns-is-layout-flex\">\n<div class=\"wp-block-column is-vertically-aligned-center is-layout-flow wp-block-column-is-layout-flow\" style=\"flex-basis:50%\">\n<figure class=\"wp-block-image size-large is-resized\"><img decoding=\"async\" src=\"http:\/\/bussodoo.com\/wp-content\/uploads\/2020\/01\/neve-web-design-bg-08.jpg\" alt=\"\" class=\"wp-image-35\" style=\"width:537px;height:auto\"\/><\/figure>\n<\/div>\n\n\n\n<div class=\"wp-block-column is-vertically-aligned-center is-layout-flow wp-block-column-is-layout-flow\" style=\"flex-basis:50%\">\n<div style=\"height:40px\" aria-hidden=\"true\" class=\"wp-block-spacer\"><\/div>\n\n\n\n<h2 class=\"wp-block-heading has-text-align-left has-nv-text-dark-bg-color has-text-color\">Desenvolvimento de IA<\/h2>\n\n\n\n<p class=\"has-text-align-left has-nv-text-dark-bg-color has-text-color\" style=\"font-size:17px\">Analistas de dados e desenvolvedores Python ajudar\u00e3o a implementar intelig\u00eancia artificial para otimizar o funcionamento da aplica\u00e7\u00e3o ou automatizar processos rotineiros na empresa. A instala\u00e7\u00e3o e o lan\u00e7amento de modelos prontos com treinamento proporcionam excelentes resultados na integra\u00e7\u00e3o bem-sucedida de redes neurais.<\/p>\n\n\n\n<p class=\"has-nv-site-bg-color has-text-color has-link-color wp-elements-fddd0d16bb95334fe24becb5243d33a0\" style=\"font-size:17px\">A equipe de desenvolvimento preparar\u00e1 scripts de processamento de v\u00eddeo, imagens e \u00e1udio para implementa\u00e7\u00e3o em sua plataforma. Novas solu\u00e7\u00f5es ir\u00e3o melhorar significativamente a efici\u00eancia da sua plataforma e torn\u00e1-la mais atrativa para os usu\u00e1rios.<\/p>\n\n\n\n<div class=\"wp-block-buttons is-horizontal is-content-justification-left is-layout-flex wp-container-core-buttons-is-layout-7e5fce0a wp-block-buttons-is-layout-flex\">\n<div class=\"wp-block-button is-style-primary\"><a class=\"wp-block-button__link wp-element-button\" href=\"https:\/\/bussodoo.com\/pt\/services\/\">Mais detalhes<\/a><\/div>\n<\/div>\n<\/div>\n<\/div>\n\n\n\n<div style=\"height:50px\" aria-hidden=\"true\" class=\"wp-block-spacer\"><\/div>\n<\/div><\/div>\n<\/div><\/div>\n\n\n\n<div style=\"height:50px\" aria-hidden=\"true\" class=\"wp-block-spacer\"><\/div>\n\n\n\n<h2 class=\"wp-block-heading has-text-align-center\">\u00daltimas postagens<\/h2>\n\n\n\n<div style=\"height:50px\" aria-hidden=\"true\" class=\"wp-block-spacer\"><\/div>\n\n\n<div class=\"wp-block-themeisle-blocks-posts-grid\" id=\"wp-block-themeisle-blocks-posts-grid-3e29c968\"><div class=\"is-grid o-posts-grid-columns-3\"><div class=\"o-posts-grid-post-blog o-posts-grid-post-plain\"><div class=\"o-posts-grid-post\"><div class=\"o-posts-grid-post-image\"><a href=\"https:\/\/bussodoo.com\/pt\/advantages-of-trading-on-the-pancakeswap-decentralized-exchange\/\"><img loading=\"lazy\" decoding=\"async\" width=\"768\" height=\"499\" src=\"https:\/\/bussodoo.com\/wp-content\/uploads\/2024\/07\/dex-768x499.jpg\" class=\"attachment-medium_large size-medium_large\" alt=\"Vantagens de negociar na bolsa descentralizada PancakeSwap\" srcset=\"https:\/\/bussodoo.com\/wp-content\/uploads\/2024\/07\/dex-768x499.jpg 768w, https:\/\/bussodoo.com\/wp-content\/uploads\/2024\/07\/dex-300x195.jpg 300w, https:\/\/bussodoo.com\/wp-content\/uploads\/2024\/07\/dex-1024x666.jpg 1024w, https:\/\/bussodoo.com\/wp-content\/uploads\/2024\/07\/dex-1536x998.jpg 1536w, https:\/\/bussodoo.com\/wp-content\/uploads\/2024\/07\/dex.jpg 1600w\" sizes=\"(max-width: 768px) 100vw, 768px\" \/><\/a><\/div><div class=\"o-posts-grid-post-body\"><span class=\"o-posts-grid-post-category\"><a href=\"https:\/\/bussodoo.com\/pt\/category\/crypto\/\">Crypto<\/a><\/span><h4 class=\"o-posts-grid-post-title\"><a href=\"https:\/\/bussodoo.com\/pt\/advantages-of-trading-on-the-pancakeswap-decentralized-exchange\/\">Vantagens de negociar na bolsa descentralizada PancakeSwap<\/a><\/h4><div class=\"o-posts-grid-post-description\"><p>A procura pelos servi\u00e7os de bolsas descentralizadas para negocia\u00e7\u00e3o de criptomoedas est\u00e1 cada vez ma\u2026<\/p><\/div><\/div><\/div><\/div><div class=\"o-posts-grid-post-blog o-posts-grid-post-plain\"><div class=\"o-posts-grid-post\"><div class=\"o-posts-grid-post-image\"><a href=\"https:\/\/bussodoo.com\/pt\/forex-trading-tips-for-beginners\/\"><img loading=\"lazy\" decoding=\"async\" width=\"768\" height=\"512\" src=\"https:\/\/bussodoo.com\/wp-content\/uploads\/2024\/07\/forex-tips-768x512.jpg\" class=\"attachment-medium_large size-medium_large\" alt=\"Dicas de negocia\u00e7\u00e3o Forex para iniciantes\" srcset=\"https:\/\/bussodoo.com\/wp-content\/uploads\/2024\/07\/forex-tips-768x512.jpg 768w, https:\/\/bussodoo.com\/wp-content\/uploads\/2024\/07\/forex-tips-300x200.jpg 300w, https:\/\/bussodoo.com\/wp-content\/uploads\/2024\/07\/forex-tips-1024x683.jpg 1024w, https:\/\/bussodoo.com\/wp-content\/uploads\/2024\/07\/forex-tips-1536x1024.jpg 1536w, https:\/\/bussodoo.com\/wp-content\/uploads\/2024\/07\/forex-tips-930x620.jpg 930w, https:\/\/bussodoo.com\/wp-content\/uploads\/2024\/07\/forex-tips.jpg 1600w\" sizes=\"(max-width: 768px) 100vw, 768px\" \/><\/a><\/div><div class=\"o-posts-grid-post-body\"><span class=\"o-posts-grid-post-category\"><a href=\"https:\/\/bussodoo.com\/pt\/category\/business\/\">Business<\/a><\/span><h4 class=\"o-posts-grid-post-title\"><a href=\"https:\/\/bussodoo.com\/pt\/forex-trading-tips-for-beginners\/\">Dicas de negocia\u00e7\u00e3o Forex para iniciantes<\/a><\/h4><div class=\"o-posts-grid-post-description\"><p>O c\u00e2mbio em tempo real em bolsas especiais e mercados virtuais \u00e9 uma oportunidade n\u00e3o apenas para pr\u2026<\/p><\/div><\/div><\/div><\/div><div class=\"o-posts-grid-post-blog o-posts-grid-post-plain\"><div class=\"o-posts-grid-post\"><div class=\"o-posts-grid-post-image\"><a href=\"https:\/\/bussodoo.com\/pt\/top-5-altcoins-for-trading-on-the-crypto-exchange\/\"><img loading=\"lazy\" decoding=\"async\" width=\"768\" height=\"410\" src=\"https:\/\/bussodoo.com\/wp-content\/uploads\/2024\/06\/alt-back-768x410.jpg\" class=\"attachment-medium_large size-medium_large\" alt=\"As 5 principais altcoins para negocia\u00e7\u00e3o na bolsa de criptografia\" srcset=\"https:\/\/bussodoo.com\/wp-content\/uploads\/2024\/06\/alt-back-768x410.jpg 768w, https:\/\/bussodoo.com\/wp-content\/uploads\/2024\/06\/alt-back-300x160.jpg 300w, https:\/\/bussodoo.com\/wp-content\/uploads\/2024\/06\/alt-back-1024x547.jpg 1024w, https:\/\/bussodoo.com\/wp-content\/uploads\/2024\/06\/alt-back-1536x821.jpg 1536w, https:\/\/bussodoo.com\/wp-content\/uploads\/2024\/06\/alt-back.jpg 1600w\" sizes=\"(max-width: 768px) 100vw, 768px\" \/><\/a><\/div><div class=\"o-posts-grid-post-body\"><span class=\"o-posts-grid-post-category\"><a href=\"https:\/\/bussodoo.com\/pt\/category\/crypto\/\">Crypto<\/a><\/span><h4 class=\"o-posts-grid-post-title\"><a href=\"https:\/\/bussodoo.com\/pt\/top-5-altcoins-for-trading-on-the-crypto-exchange\/\">As 5 principais altcoins para negocia\u00e7\u00e3o na bolsa de criptografia<\/a><\/h4><div class=\"o-posts-grid-post-description\"><p>A ind\u00fastria criptogr\u00e1fica passou por mudan\u00e7as significativas nas \u00faltimas d\u00e9cadas. Esta ind\u00fastria atr\u2026<\/p><\/div><\/div><\/div><\/div><\/div> <\/div>\n\n\n<div style=\"height:100px\" aria-hidden=\"true\" class=\"wp-block-spacer\"><\/div>\n\n\n\n<div class=\"wp-block-cover alignfull\" style=\"min-height:420px;aspect-ratio:unset;\"><span aria-hidden=\"true\" class=\"wp-block-cover__background has-nv-light-bg-background-color has-background-dim-100 has-background-dim\"><\/span><div class=\"wp-block-cover__inner-container is-layout-flow wp-block-cover-is-layout-flow\">\n<div style=\"height:80px\" aria-hidden=\"true\" class=\"wp-block-spacer\"><\/div>\n\n\n\n<div class=\"wp-block-columns is-layout-flex wp-container-core-columns-is-layout-9d6595d7 wp-block-columns-is-layout-flex\">\n<div class=\"wp-block-column ticss-4ce656f1 is-layout-flow wp-block-column-is-layout-flow\">\n<figure class=\"wp-block-image size-large is-resized is-style-rounded\"><img loading=\"lazy\" decoding=\"async\" width=\"400\" height=\"400\" src=\"http:\/\/bussodoo.com\/wp-content\/uploads\/2020\/12\/neve-web-design-studio-03.1.jpg\" alt=\"\" class=\"wp-image-215\" style=\"width:80px;height:80px\" srcset=\"https:\/\/bussodoo.com\/wp-content\/uploads\/2020\/12\/neve-web-design-studio-03.1.jpg 400w, https:\/\/bussodoo.com\/wp-content\/uploads\/2020\/12\/neve-web-design-studio-03.1-300x300.jpg 300w, https:\/\/bussodoo.com\/wp-content\/uploads\/2020\/12\/neve-web-design-studio-03.1-150x150.jpg 150w\" sizes=\"(max-width: 400px) 100vw, 400px\" \/><\/figure>\n\n\n\n<div style=\"height:24px\" aria-hidden=\"true\" class=\"wp-block-spacer\"><\/div>\n\n\n\n<p class=\"has-text-align-left has-neve-text-color-color has-text-color\"><em>\u201cA empresa Bussodoo desenvolveu uma plataforma de crowdfunding para n\u00f3s. A galera ofereceu a melhor solu\u00e7\u00e3o e deu ideias interessantes para a implementa\u00e7\u00e3o do nosso projeto. Excelente comunica\u00e7\u00e3o e alto profissionalismo.\u201d<\/em><\/p>\n\n\n\n<p class=\"has-neve-text-color-color has-text-color\">Britain Cormier<\/p>\n\n\n\n<div style=\"height:20px\" aria-hidden=\"true\" class=\"wp-block-spacer\"><\/div>\n<\/div>\n\n\n\n<div class=\"wp-block-column ticss-f6fc7494 is-layout-flow wp-block-column-is-layout-flow\">\n<figure class=\"wp-block-image size-large is-resized is-style-rounded\"><img loading=\"lazy\" decoding=\"async\" width=\"400\" height=\"400\" src=\"http:\/\/bussodoo.com\/wp-content\/uploads\/2020\/12\/neve-web-design-studio-04.1.jpg\" alt=\"\" class=\"wp-image-216\" style=\"width:80px;height:80px\" srcset=\"https:\/\/bussodoo.com\/wp-content\/uploads\/2020\/12\/neve-web-design-studio-04.1.jpg 400w, https:\/\/bussodoo.com\/wp-content\/uploads\/2020\/12\/neve-web-design-studio-04.1-300x300.jpg 300w, https:\/\/bussodoo.com\/wp-content\/uploads\/2020\/12\/neve-web-design-studio-04.1-150x150.jpg 150w\" sizes=\"(max-width: 400px) 100vw, 400px\" \/><\/figure>\n\n\n\n<div style=\"height:24px\" aria-hidden=\"true\" class=\"wp-block-spacer\"><\/div>\n\n\n\n<p class=\"has-text-align-left has-neve-text-color-color has-text-color\"><em>\u201cMeu parceiro e eu terminamos de trabalhar em um projeto de criptografia. Este \u00e9 um pequeno site financeiro que oferece servi\u00e7os de empr\u00e9stimo para empresas. A equipe do Bussodoo fez tudo dentro do prazo e de acordo com as nossas necessidades. Continuaremos trabalhando!\u201d<\/em><\/p>\n\n\n\n<p class=\"has-neve-text-color-color has-text-color\">Gordon Rao<\/p>\n\n\n\n<div style=\"height:20px\" aria-hidden=\"true\" class=\"wp-block-spacer\"><\/div>\n<\/div>\n\n\n\n<div class=\"wp-block-column ticss-a5b4df29 is-layout-flow wp-block-column-is-layout-flow\">\n<figure class=\"wp-block-image size-large is-resized is-style-rounded\"><img loading=\"lazy\" decoding=\"async\" width=\"400\" height=\"400\" src=\"http:\/\/bussodoo.com\/wp-content\/uploads\/2020\/12\/neve-web-design-studio-02.1.jpg\" alt=\"\" class=\"wp-image-214\" style=\"width:80px;height:80px\" srcset=\"https:\/\/bussodoo.com\/wp-content\/uploads\/2020\/12\/neve-web-design-studio-02.1.jpg 400w, https:\/\/bussodoo.com\/wp-content\/uploads\/2020\/12\/neve-web-design-studio-02.1-300x300.jpg 300w, https:\/\/bussodoo.com\/wp-content\/uploads\/2020\/12\/neve-web-design-studio-02.1-150x150.jpg 150w\" sizes=\"(max-width: 400px) 100vw, 400px\" \/><\/figure>\n\n\n\n<div style=\"height:24px\" aria-hidden=\"true\" class=\"wp-block-spacer\"><\/div>\n\n\n\n<p class=\"has-text-align-left has-neve-text-color-color has-text-color\">\u201cEncomendei o desenvolvimento de um site para gera\u00e7\u00e3o de imagens baseado em IA. A equipe ofereceu uma op\u00e7\u00e3o que se adequava totalmente ao meu or\u00e7amento e prazo. Claro que no final demorou um pouco mais do que o planejado, mas terminamos com sucesso.\u201d<\/p>\n\n\n\n<p class=\"has-neve-text-color-color has-text-color\">Jamie Dalton<\/p>\n\n\n\n<div style=\"height:20px\" aria-hidden=\"true\" class=\"wp-block-spacer\"><\/div>\n<\/div>\n<\/div>\n\n\n\n<div style=\"height:30px\" aria-hidden=\"true\" class=\"wp-block-spacer\"><\/div>\n<\/div><\/div>\n\n\n\n<div class=\"wp-block-cover alignfull\" style=\"min-height:300px;aspect-ratio:unset;\"><span aria-hidden=\"true\" class=\"wp-block-cover__background has-nv-dark-bg-background-color has-background-dim-100 has-background-dim\"><\/span><div class=\"wp-block-cover__inner-container is-layout-flow wp-block-cover-is-layout-flow\">\n<div style=\"height:140px\" aria-hidden=\"true\" class=\"wp-block-spacer\"><\/div>\n\n\n\n<h2 class=\"wp-block-heading has-text-align-center has-nv-text-dark-bg-color has-text-color\">Nossa equipe ajudar\u00e1 a desenvolver um projeto de qualquer complexidade e proporcionar\u00e1 a melhor experi\u00eancia.<\/h2>\n\n\n\n<p class=\"has-text-align-center has-nv-site-bg-color has-text-color has-link-color wp-elements-93a02ad88df6a824b68023ab65072659\" style=\"font-size:17px\">Nossos especialistas discutir\u00e3o sua ideia e oferecer\u00e3o a melhor op\u00e7\u00e3o em termos de pre\u00e7o e tempo de desenvolvimento. <br>Ciclo completo de entrega, desde o design at\u00e9 o teste e lan\u00e7amento.<\/p>\n\n\n\n<div class=\"wp-block-buttons is-horizontal is-content-justification-center is-layout-flex wp-container-core-buttons-is-layout-499968f5 wp-block-buttons-is-layout-flex\">\n<div class=\"wp-block-button is-style-primary\"><a class=\"wp-block-button__link wp-element-button\" href=\"https:\/\/bussodoo.com\/pt\/about-us\/\">Mais detalhes<\/a><\/div>\n<\/div>\n\n\n\n<div style=\"height:140px\" aria-hidden=\"true\" class=\"wp-block-spacer\"><\/div>\n<\/div><\/div>\n","protected":false},"excerpt":{"rendered":"<p>Desenvolvimento de IA Desenvolvimento e implementa\u00e7\u00e3o de intelig\u00eancia artificial em aplica\u00e7\u00f5es de processamento de dados. Desenvolvimento de criptomoeda Desenvolvimento de criptomoedas pr\u00f3prias, plataformas centralizadas e mercados NFT. Desenvolvimento personalizado Desenvolvimento de projetos escal\u00e1veis baseados em arquitetura de microsservi\u00e7os. \u00daltimas postagens<\/p>\n","protected":false},"author":1,"featured_media":0,"parent":0,"menu_order":0,"comment_status":"closed","ping_status":"closed","template":"","meta":{"_coblocks_attr":"","_coblocks_dimensions":"","_coblocks_responsive_height":"","_coblocks_accordion_ie_support":"","neve_meta_sidebar":"default","neve_meta_container":"default","neve_meta_enable_content_width":"on","neve_meta_content_width":100,"neve_meta_title_alignment":"","neve_meta_author_avatar":"","neve_post_elements_order":"","neve_meta_disable_header":"","neve_meta_disable_footer":"","neve_meta_disable_title":"on","_themeisle_gutenberg_block_has_review":false,"footnotes":""},"class_list":["post-307","page","type-page","status-publish","hentry"],"_links":{"self":[{"href":"https:\/\/bussodoo.com\/pt\/wp-json\/wp\/v2\/pages\/307","targetHints":{"allow":["GET"]}}],"collection":[{"href":"https:\/\/bussodoo.com\/pt\/wp-json\/wp\/v2\/pages"}],"about":[{"href":"https:\/\/bussodoo.com\/pt\/wp-json\/wp\/v2\/types\/page"}],"author":[{"embeddable":true,"href":"https:\/\/bussodoo.com\/pt\/wp-json\/wp\/v2\/users\/1"}],"replies":[{"embeddable":true,"href":"https:\/\/bussodoo.com\/pt\/wp-json\/wp\/v2\/comments?post=307"}],"version-history":[{"count":57,"href":"https:\/\/bussodoo.com\/pt\/wp-json\/wp\/v2\/pages\/307\/revisions"}],"predecessor-version":[{"id":682,"href":"https:\/\/bussodoo.com\/pt\/wp-json\/wp\/v2\/pages\/307\/revisions\/682"}],"wp:attachment":[{"href":"https:\/\/bussodoo.com\/pt\/wp-json\/wp\/v2\/media?parent=307"}],"curies":[{"name":"wp","href":"https:\/\/api.w.org\/{rel}","templated":true}]}}