{"id":307,"date":"2020-01-13T11:17:52","date_gmt":"2020-01-13T11:17:52","guid":{"rendered":"https:\/\/demosites.io\/web-agency-gb\/?page_id=5"},"modified":"2024-05-17T08:10:10","modified_gmt":"2024-05-17T08:10:10","slug":"15c42-web-agency-gb-home","status":"publish","type":"page","link":"https:\/\/bussodoo.com\/it\/","title":{"rendered":"Home"},"content":{"rendered":"\n<div class=\"wp-block-cover alignfull is-light\" style=\"min-height:700px;aspect-ratio:unset;\"><span aria-hidden=\"true\" class=\"wp-block-cover__background has-background-dim-0 has-background-dim\"><\/span><img loading=\"lazy\" decoding=\"async\" width=\"1366\" height=\"768\" class=\"wp-block-cover__image-background wp-image-109\" alt=\"\" src=\"http:\/\/bussodoo.com\/wp-content\/uploads\/2020\/07\/web-design-studio-01.jpg.jpg\" style=\"object-position:50% 64%\" data-object-fit=\"cover\" data-object-position=\"50% 64%\" srcset=\"https:\/\/bussodoo.com\/wp-content\/uploads\/2020\/07\/web-design-studio-01.jpg.jpg 1366w, https:\/\/bussodoo.com\/wp-content\/uploads\/2020\/07\/web-design-studio-01.jpg-300x169.jpg 300w\" sizes=\"(max-width: 1366px) 100vw, 1366px\" \/><div class=\"wp-block-cover__inner-container is-layout-flow wp-block-cover-is-layout-flow\">\n<div style=\"height:80px\" aria-hidden=\"true\" class=\"wp-block-spacer\"><\/div>\n\n\n\n<h1 class=\"wp-block-heading has-text-align-center has-text-color\" style=\"color:#121212\">Un team di professionisti per sviluppare le tue idee<\/h1>\n\n\n\n<p class=\"has-text-align-center has-text-color\" style=\"color:#121212;font-size:17px\">Sviluppo web di progetti complessi dal 2011.<br>Experts in building customized sEsperti nella creazione di soluzioni personalizzate basate su intelligenza artificiale e criptovalute.<\/p>\n\n\n\n<div class=\"wp-block-buttons is-horizontal is-content-justification-center is-layout-flex wp-container-core-buttons-is-layout-499968f5 wp-block-buttons-is-layout-flex\">\n<div class=\"wp-block-button is-style-primary\"><a class=\"wp-block-button__link wp-element-button\" href=\"https:\/\/bussodoo.com\/it\/about-us\/\">Pi\u00f9 dettagli<\/a><\/div>\n\n\n\n<div class=\"wp-block-button is-style-secondary\"><a class=\"wp-block-button__link wp-element-button\" href=\"https:\/\/bussodoo.com\/it\/contact-us\/\">Contattaci<\/a><\/div>\n<\/div>\n\n\n\n<div style=\"height:80px\" aria-hidden=\"true\" class=\"wp-block-spacer\"><\/div>\n\n\n\n<div style=\"height:80px\" aria-hidden=\"true\" class=\"wp-block-spacer\"><\/div>\n<\/div><\/div>\n\n\n\n<div style=\"height:80px\" aria-hidden=\"true\" class=\"wp-block-spacer\"><\/div>\n\n\n\n<div class=\"wp-block-columns is-layout-flex wp-container-core-columns-is-layout-9d6595d7 wp-block-columns-is-layout-flex\">\n<div class=\"wp-block-column is-layout-flow wp-block-column-is-layout-flow\"><div class=\"wp-block-image icon-style is-style-rounded\">\n<figure class=\"aligncenter size-large\"><img loading=\"lazy\" decoding=\"async\" width=\"72\" height=\"72\" src=\"http:\/\/bussodoo.com\/wp-content\/uploads\/2020\/01\/neve-webdesign-GB-03.png\" alt=\"\" class=\"wp-image-20\" title=\"\"\/><\/figure>\n<\/div>\n\n\n<div style=\"height:20px\" aria-hidden=\"true\" class=\"wp-block-spacer\"><\/div>\n\n\n\n<h3 class=\"wp-block-heading has-text-align-center has-neve-text-color-color has-text-color\">Sviluppo dell&#8217;intelligenza artificiale<\/h3>\n\n\n\n<p class=\"has-text-align-center\">Sviluppo e implementazione dell&#8217;intelligenza artificiale nelle applicazioni di elaborazione dati.<\/p>\n\n\n\n<div style=\"height:20px\" aria-hidden=\"true\" class=\"wp-block-spacer\"><\/div>\n<\/div>\n\n\n\n<div class=\"wp-block-column is-layout-flow wp-block-column-is-layout-flow\"><div class=\"wp-block-image icon-style is-style-rounded\">\n<figure class=\"aligncenter size-large\"><img decoding=\"async\" src=\"http:\/\/bussodoo.com\/wp-content\/uploads\/2020\/01\/neve-webdesign-GB-04.png\" alt=\"\" class=\"wp-image-21\"\/><\/figure>\n<\/div>\n\n\n<div style=\"height:20px\" aria-hidden=\"true\" class=\"wp-block-spacer\"><\/div>\n\n\n\n<h3 class=\"wp-block-heading has-text-align-center has-neve-text-color-color has-text-color\">Sviluppo della criptovaluta<\/h3>\n\n\n\n<p class=\"has-text-align-center\">Sviluppo di criptovalute proprie, piattaforme centralizzate e mercati NFT.<\/p>\n\n\n\n<div style=\"height:20px\" aria-hidden=\"true\" class=\"wp-block-spacer\"><\/div>\n<\/div>\n\n\n\n<div class=\"wp-block-column is-layout-flow wp-block-column-is-layout-flow\"><div class=\"wp-block-image icon-style is-style-rounded\">\n<figure class=\"aligncenter size-large\"><img decoding=\"async\" src=\"http:\/\/bussodoo.com\/wp-content\/uploads\/2020\/01\/neve-webdesign-GB-01.png\" alt=\"\" class=\"wp-image-18\"\/><\/figure>\n<\/div>\n\n\n<div style=\"height:20px\" aria-hidden=\"true\" class=\"wp-block-spacer\"><\/div>\n\n\n\n<h3 class=\"wp-block-heading has-text-align-center has-neve-text-color-color has-text-color\">Sviluppo personalizzato<\/h3>\n\n\n\n<p class=\"has-text-align-center\">Sviluppo di progetti scalabili basati su architettura a microservizi.<\/p>\n\n\n\n<div style=\"height:20px\" aria-hidden=\"true\" class=\"wp-block-spacer\"><\/div>\n<\/div>\n<\/div>\n\n\n\n<div style=\"height:80px\" aria-hidden=\"true\" class=\"wp-block-spacer\"><\/div>\n\n\n\n<div class=\"wp-block-cover alignfull\" style=\"min-height:600px;aspect-ratio:unset;\"><span aria-hidden=\"true\" class=\"wp-block-cover__background has-nv-light-bg-background-color has-background-dim-100 has-background-dim\"><\/span><div class=\"wp-block-cover__inner-container is-layout-flow wp-block-cover-is-layout-flow\">\n<div class=\"wp-block-group\"><div class=\"wp-block-group__inner-container is-layout-flow wp-block-group-is-layout-flow\">\n<div style=\"height:80px\" aria-hidden=\"true\" class=\"wp-block-spacer\"><\/div>\n\n\n\n<div class=\"wp-block-columns are-vertically-aligned-center is-layout-flex wp-container-core-columns-is-layout-9d6595d7 wp-block-columns-is-layout-flex\">\n<div class=\"wp-block-column is-vertically-aligned-center is-layout-flow wp-block-column-is-layout-flow\" style=\"flex-basis:50%\">\n<figure class=\"wp-block-image size-large is-resized\"><img decoding=\"async\" src=\"http:\/\/bussodoo.com\/wp-content\/uploads\/2020\/01\/neve-web-design-bg-10.jpg\" alt=\"\" class=\"wp-image-37\" style=\"width:526px;height:auto\"\/><\/figure>\n<\/div>\n\n\n\n<div class=\"wp-block-column is-vertically-aligned-center is-layout-flow wp-block-column-is-layout-flow\" style=\"flex-basis:50%\">\n<div style=\"height:20px\" aria-hidden=\"true\" class=\"wp-block-spacer\"><\/div>\n\n\n\n<h2 class=\"wp-block-heading has-text-align-left has-neve-text-color-color has-text-color\">Sviluppo personalizzato<\/h2>\n\n\n\n<p class=\"has-nv-dark-bg-color has-text-color has-link-color wp-elements-a15ef663b471ccde4b23621d90de8d63\">La nostra azienda sviluppa progetti partendo dallo sviluppo dell&#8217;idea e dal disegno del design. Tutti i layout sono preparati in Figma e forniti al cliente per la verifica.<\/p>\n\n\n\n<p class=\"has-nv-dark-bg-color has-text-color has-link-color wp-elements-5f3029250f9ba3d7ce923bc8a24ce43f\">Il team di progettazione utilizza stili e approcci moderni nella preparazione dei layout. Tutti i componenti sono organizzati secondo un design reattivo per UI\/UX.<\/p>\n\n\n\n<div class=\"wp-block-buttons is-horizontal is-content-justification-left is-layout-flex wp-container-core-buttons-is-layout-7e5fce0a wp-block-buttons-is-layout-flex\">\n<div class=\"wp-block-button is-style-primary\"><a class=\"wp-block-button__link wp-element-button\" href=\"https:\/\/bussodoo.com\/it\/services\/\">Pi\u00f9 dettagli<\/a><\/div>\n<\/div>\n<\/div>\n<\/div>\n\n\n\n<div style=\"height:40px\" aria-hidden=\"true\" class=\"wp-block-spacer\"><\/div>\n<\/div><\/div>\n<\/div><\/div>\n\n\n\n<div class=\"wp-block-cover alignfull\" style=\"min-height:600px;aspect-ratio:unset;\"><span aria-hidden=\"true\" class=\"wp-block-cover__background has-nv-site-bg-background-color has-background-dim-100 has-background-dim\"><\/span><div class=\"wp-block-cover__inner-container is-layout-flow wp-block-cover-is-layout-flow\">\n<div class=\"wp-block-group\"><div class=\"wp-block-group__inner-container is-layout-flow wp-block-group-is-layout-flow\">\n<div style=\"height:80px\" aria-hidden=\"true\" class=\"wp-block-spacer\"><\/div>\n\n\n\n<div class=\"wp-block-columns are-vertically-aligned-center is-layout-flex wp-container-core-columns-is-layout-9d6595d7 wp-block-columns-is-layout-flex\">\n<div class=\"wp-block-column is-vertically-aligned-center is-layout-flow wp-block-column-is-layout-flow\" style=\"flex-basis:50%\">\n<h2 class=\"wp-block-heading has-text-align-left has-neve-text-color-color has-text-color\">Sviluppo della criptovaluta<\/h2>\n\n\n\n<p class=\"has-nv-dark-bg-color has-text-color has-link-color wp-elements-fbf34d54c89952dda12214a80b6bf495\">La nostra azienda \u00e8 impegnata nello sviluppo e nell&#8217;integrazione delle criptovalute nelle piattaforme finanziarie. La nostra esperienza ci consente di creare scambi di criptovaluta di varia complessit\u00e0: piattaforme crittografiche centralizzate e decentralizzate, scambiatori p2p, aste NFT.<\/p>\n\n\n\n<p class=\"has-nv-dark-bg-color has-text-color has-link-color wp-elements-dcf8532e21648e12ac189e7e3f016071\">Ampia esperienza nello sviluppo e nella verifica di contratti intelligenti e nell&#8217;implementazione di criptovalute per l&#8217;accettazione di pagamenti. I nostri esperti ti consentono anche di organizzare il lavoro del tuo progetto crittografico.<\/p>\n\n\n\n<div class=\"wp-block-buttons is-horizontal is-content-justification-left is-layout-flex wp-container-core-buttons-is-layout-7e5fce0a wp-block-buttons-is-layout-flex\">\n<div class=\"wp-block-button is-style-primary\"><a class=\"wp-block-button__link wp-element-button\" href=\"https:\/\/bussodoo.com\/it\/services\/\">Pi\u00f9 dettagli<\/a><\/div>\n<\/div>\n\n\n\n<div style=\"height:40px\" aria-hidden=\"true\" class=\"wp-block-spacer\"><\/div>\n<\/div>\n\n\n\n<div class=\"wp-block-column is-vertically-aligned-center is-layout-flow wp-block-column-is-layout-flow\" style=\"flex-basis:50%\">\n<figure class=\"wp-block-image size-large is-resized\"><img loading=\"lazy\" decoding=\"async\" width=\"600\" height=\"600\" src=\"http:\/\/bussodoo.com\/wp-content\/uploads\/2020\/01\/neve-web-design-bg-13.jpg\" alt=\"\" class=\"wp-image-40\" style=\"width:572px;height:auto\" srcset=\"https:\/\/bussodoo.com\/wp-content\/uploads\/2020\/01\/neve-web-design-bg-13.jpg 600w, https:\/\/bussodoo.com\/wp-content\/uploads\/2020\/01\/neve-web-design-bg-13-300x300.jpg 300w, https:\/\/bussodoo.com\/wp-content\/uploads\/2020\/01\/neve-web-design-bg-13-150x150.jpg 150w\" sizes=\"(max-width: 600px) 100vw, 600px\" \/><\/figure>\n<\/div>\n<\/div>\n\n\n\n<div style=\"height:40px\" aria-hidden=\"true\" class=\"wp-block-spacer\"><\/div>\n<\/div><\/div>\n<\/div><\/div>\n\n\n\n<div class=\"wp-block-cover alignfull\" style=\"min-height:600px;aspect-ratio:unset;\"><span aria-hidden=\"true\" class=\"wp-block-cover__background has-nv-dark-bg-background-color has-background-dim-100 has-background-dim\"><\/span><div class=\"wp-block-cover__inner-container is-layout-flow wp-block-cover-is-layout-flow\">\n<div class=\"wp-block-group\"><div class=\"wp-block-group__inner-container is-layout-flow wp-block-group-is-layout-flow\">\n<div style=\"height:80px\" aria-hidden=\"true\" class=\"wp-block-spacer\"><\/div>\n\n\n\n<div class=\"wp-block-columns are-vertically-aligned-center is-layout-flex wp-container-core-columns-is-layout-9d6595d7 wp-block-columns-is-layout-flex\">\n<div class=\"wp-block-column is-vertically-aligned-center is-layout-flow wp-block-column-is-layout-flow\" style=\"flex-basis:50%\">\n<figure class=\"wp-block-image size-large is-resized\"><img decoding=\"async\" src=\"http:\/\/bussodoo.com\/wp-content\/uploads\/2020\/01\/neve-web-design-bg-08.jpg\" alt=\"\" class=\"wp-image-35\" style=\"width:537px;height:auto\"\/><\/figure>\n<\/div>\n\n\n\n<div class=\"wp-block-column is-vertically-aligned-center is-layout-flow wp-block-column-is-layout-flow\" style=\"flex-basis:50%\">\n<div style=\"height:40px\" aria-hidden=\"true\" class=\"wp-block-spacer\"><\/div>\n\n\n\n<h2 class=\"wp-block-heading has-text-align-left has-nv-text-dark-bg-color has-text-color\">Sviluppo dell&#8217;intelligenza artificiale<\/h2>\n\n\n\n<p class=\"has-nv-site-bg-color has-text-color has-link-color wp-elements-a76069673b9b233bc6d6efbd8f168bc2\">Analisti di dati e sviluppatori Python aiuteranno a implementare l&#8217;intelligenza artificiale per ottimizzare il funzionamento dell&#8217;applicazione o automatizzare i processi di routine in azienda. L&#8217;installazione e il lancio di modelli gi\u00e0 pronti con la formazione danno ottimi risultati nell&#8217;integrazione riuscita delle reti neurali.<\/p>\n\n\n\n<p class=\"has-nv-site-bg-color has-text-color has-link-color wp-elements-0bae6363a6043b55c8d10ea27f78b0c1\">Il team di sviluppo preparer\u00e0 gli script per l&#8217;elaborazione di video, immagini e audio per l&#8217;implementazione nella tua piattaforma. Le nuove soluzioni miglioreranno significativamente l\u2019efficienza della tua piattaforma e la renderanno pi\u00f9 attraente per gli utenti.<\/p>\n\n\n\n<div class=\"wp-block-buttons is-horizontal is-content-justification-left is-layout-flex wp-container-core-buttons-is-layout-7e5fce0a wp-block-buttons-is-layout-flex\">\n<div class=\"wp-block-button is-style-primary\"><a class=\"wp-block-button__link wp-element-button\" href=\"https:\/\/bussodoo.com\/it\/services\/\">Pi\u00f9 dettagli<\/a><\/div>\n<\/div>\n<\/div>\n<\/div>\n\n\n\n<div style=\"height:50px\" aria-hidden=\"true\" class=\"wp-block-spacer\"><\/div>\n<\/div><\/div>\n<\/div><\/div>\n\n\n\n<div style=\"height:50px\" aria-hidden=\"true\" class=\"wp-block-spacer\"><\/div>\n\n\n\n<h2 class=\"wp-block-heading has-text-align-center\">Ultimi post<\/h2>\n\n\n\n<div style=\"height:50px\" aria-hidden=\"true\" class=\"wp-block-spacer\"><\/div>\n\n\n<div class=\"wp-block-themeisle-blocks-posts-grid\" id=\"wp-block-themeisle-blocks-posts-grid-3e29c968\"><div class=\"is-grid o-posts-grid-columns-3\"><div class=\"o-posts-grid-post-blog o-posts-grid-post-plain\"><div class=\"o-posts-grid-post\"><div class=\"o-posts-grid-post-image\"><a href=\"https:\/\/bussodoo.com\/it\/advantages-of-trading-on-the-pancakeswap-decentralized-exchange\/\"><img loading=\"lazy\" decoding=\"async\" width=\"1600\" height=\"1040\" src=\"https:\/\/bussodoo.com\/wp-content\/uploads\/2024\/07\/dex.jpg\" class=\"attachment-full size-full\" alt=\"Vantaggi del trading sull&#8217;exchange decentralizzato PancakeSwap\" srcset=\"https:\/\/bussodoo.com\/wp-content\/uploads\/2024\/07\/dex.jpg 1600w, https:\/\/bussodoo.com\/wp-content\/uploads\/2024\/07\/dex-300x195.jpg 300w, https:\/\/bussodoo.com\/wp-content\/uploads\/2024\/07\/dex-1024x666.jpg 1024w, https:\/\/bussodoo.com\/wp-content\/uploads\/2024\/07\/dex-768x499.jpg 768w, https:\/\/bussodoo.com\/wp-content\/uploads\/2024\/07\/dex-1536x998.jpg 1536w\" sizes=\"(max-width: 1600px) 100vw, 1600px\" \/><\/a><\/div><div class=\"o-posts-grid-post-body\"><span class=\"o-posts-grid-post-category\"><a href=\"https:\/\/bussodoo.com\/it\/category\/crypto\/\">Crypto<\/a><\/span><h4 class=\"o-posts-grid-post-title\"><a href=\"https:\/\/bussodoo.com\/it\/advantages-of-trading-on-the-pancakeswap-decentralized-exchange\/\">Vantaggi del trading sull&#8217;exchange decentralizzato PancakeSwap<\/a><\/h4><div class=\"o-posts-grid-post-description\"><p>La domanda per i servizi degli scambi decentralizzati per il trading di criptovalute \u00e8 sempre pi\u00f9 in\u2026<\/p><\/div><\/div><\/div><\/div><div class=\"o-posts-grid-post-blog o-posts-grid-post-plain\"><div class=\"o-posts-grid-post\"><div class=\"o-posts-grid-post-image\"><a href=\"https:\/\/bussodoo.com\/it\/forex-trading-tips-for-beginners\/\"><img loading=\"lazy\" decoding=\"async\" width=\"1600\" height=\"1067\" src=\"https:\/\/bussodoo.com\/wp-content\/uploads\/2024\/07\/forex-tips.jpg\" class=\"attachment-full size-full\" alt=\"Suggerimenti per il trading Forex per principianti\" srcset=\"https:\/\/bussodoo.com\/wp-content\/uploads\/2024\/07\/forex-tips.jpg 1600w, https:\/\/bussodoo.com\/wp-content\/uploads\/2024\/07\/forex-tips-300x200.jpg 300w, https:\/\/bussodoo.com\/wp-content\/uploads\/2024\/07\/forex-tips-1024x683.jpg 1024w, https:\/\/bussodoo.com\/wp-content\/uploads\/2024\/07\/forex-tips-768x512.jpg 768w, https:\/\/bussodoo.com\/wp-content\/uploads\/2024\/07\/forex-tips-1536x1024.jpg 1536w, https:\/\/bussodoo.com\/wp-content\/uploads\/2024\/07\/forex-tips-930x620.jpg 930w\" sizes=\"(max-width: 1600px) 100vw, 1600px\" \/><\/a><\/div><div class=\"o-posts-grid-post-body\"><span class=\"o-posts-grid-post-category\"><a href=\"https:\/\/bussodoo.com\/it\/category\/business\/\">Business<\/a><\/span><h4 class=\"o-posts-grid-post-title\"><a href=\"https:\/\/bussodoo.com\/it\/forex-trading-tips-for-beginners\/\">Suggerimenti per il trading Forex per principianti<\/a><\/h4><div class=\"o-posts-grid-post-description\"><p>Il cambio valuta in tempo reale su borse speciali e mercati virtuali \u00e8 un&#8217;opportunit\u00e0 non solo\u2026<\/p><\/div><\/div><\/div><\/div><div class=\"o-posts-grid-post-blog o-posts-grid-post-plain\"><div class=\"o-posts-grid-post\"><div class=\"o-posts-grid-post-image\"><a href=\"https:\/\/bussodoo.com\/it\/top-5-altcoins-for-trading-on-the-crypto-exchange\/\"><img loading=\"lazy\" decoding=\"async\" width=\"1600\" height=\"855\" src=\"https:\/\/bussodoo.com\/wp-content\/uploads\/2024\/06\/alt-back.jpg\" class=\"attachment-full size-full\" alt=\"I 5 migliori altcoin per il trading sull&#8217;exchange di criptovalute\" srcset=\"https:\/\/bussodoo.com\/wp-content\/uploads\/2024\/06\/alt-back.jpg 1600w, https:\/\/bussodoo.com\/wp-content\/uploads\/2024\/06\/alt-back-300x160.jpg 300w, https:\/\/bussodoo.com\/wp-content\/uploads\/2024\/06\/alt-back-1024x547.jpg 1024w, https:\/\/bussodoo.com\/wp-content\/uploads\/2024\/06\/alt-back-768x410.jpg 768w, https:\/\/bussodoo.com\/wp-content\/uploads\/2024\/06\/alt-back-1536x821.jpg 1536w\" sizes=\"(max-width: 1600px) 100vw, 1600px\" \/><\/a><\/div><div class=\"o-posts-grid-post-body\"><span class=\"o-posts-grid-post-category\"><a href=\"https:\/\/bussodoo.com\/it\/category\/crypto\/\">Crypto<\/a><\/span><h4 class=\"o-posts-grid-post-title\"><a href=\"https:\/\/bussodoo.com\/it\/top-5-altcoins-for-trading-on-the-crypto-exchange\/\">I 5 migliori altcoin per il trading sull&#8217;exchange di criptovalute<\/a><\/h4><div class=\"o-posts-grid-post-description\"><p>L\u2019industria delle criptovalute ha subito cambiamenti significativi negli ultimi decenni. Questo sett\u2026<\/p><\/div><\/div><\/div><\/div><\/div> <\/div>\n\n\n<div style=\"height:100px\" aria-hidden=\"true\" class=\"wp-block-spacer\"><\/div>\n\n\n\n<div class=\"wp-block-cover alignfull\" style=\"min-height:420px;aspect-ratio:unset;\"><span aria-hidden=\"true\" class=\"wp-block-cover__background has-nv-light-bg-background-color has-background-dim-100 has-background-dim\"><\/span><div class=\"wp-block-cover__inner-container is-layout-flow wp-block-cover-is-layout-flow\">\n<div style=\"height:80px\" aria-hidden=\"true\" class=\"wp-block-spacer\"><\/div>\n\n\n\n<div class=\"wp-block-columns is-layout-flex wp-container-core-columns-is-layout-9d6595d7 wp-block-columns-is-layout-flex\">\n<div class=\"wp-block-column ticss-4ce656f1 is-layout-flow wp-block-column-is-layout-flow\">\n<figure class=\"wp-block-image size-large is-resized is-style-rounded\"><img loading=\"lazy\" decoding=\"async\" width=\"400\" height=\"400\" src=\"http:\/\/bussodoo.com\/wp-content\/uploads\/2020\/12\/neve-web-design-studio-03.1.jpg\" alt=\"\" class=\"wp-image-215\" style=\"width:80px;height:80px\" srcset=\"https:\/\/bussodoo.com\/wp-content\/uploads\/2020\/12\/neve-web-design-studio-03.1.jpg 400w, https:\/\/bussodoo.com\/wp-content\/uploads\/2020\/12\/neve-web-design-studio-03.1-300x300.jpg 300w, https:\/\/bussodoo.com\/wp-content\/uploads\/2020\/12\/neve-web-design-studio-03.1-150x150.jpg 150w\" sizes=\"(max-width: 400px) 100vw, 400px\" \/><\/figure>\n\n\n\n<div style=\"height:24px\" aria-hidden=\"true\" class=\"wp-block-spacer\"><\/div>\n\n\n\n<p class=\"has-text-align-left has-neve-text-color-color has-text-color\"><em>\u201cLa societ\u00e0 Bussodoo ha sviluppato per noi una piattaforma di crowdfunding. I ragazzi hanno offerto la soluzione migliore e fornito idee interessanti per implementare il nostro progetto. Ottima comunicazione e alta professionalit\u00e0.\u201d<\/em><\/p>\n\n\n\n<p class=\"has-neve-text-color-color has-text-color\">Britain Cormier<\/p>\n\n\n\n<div style=\"height:20px\" aria-hidden=\"true\" class=\"wp-block-spacer\"><\/div>\n<\/div>\n\n\n\n<div class=\"wp-block-column ticss-f6fc7494 is-layout-flow wp-block-column-is-layout-flow\">\n<figure class=\"wp-block-image size-large is-resized is-style-rounded\"><img loading=\"lazy\" decoding=\"async\" width=\"400\" height=\"400\" src=\"http:\/\/bussodoo.com\/wp-content\/uploads\/2020\/12\/neve-web-design-studio-04.1.jpg\" alt=\"\" class=\"wp-image-216\" style=\"width:80px;height:80px\" srcset=\"https:\/\/bussodoo.com\/wp-content\/uploads\/2020\/12\/neve-web-design-studio-04.1.jpg 400w, https:\/\/bussodoo.com\/wp-content\/uploads\/2020\/12\/neve-web-design-studio-04.1-300x300.jpg 300w, https:\/\/bussodoo.com\/wp-content\/uploads\/2020\/12\/neve-web-design-studio-04.1-150x150.jpg 150w\" sizes=\"(max-width: 400px) 100vw, 400px\" \/><\/figure>\n\n\n\n<div style=\"height:24px\" aria-hidden=\"true\" class=\"wp-block-spacer\"><\/div>\n\n\n\n<p class=\"has-text-align-left has-neve-text-color-color has-text-color\"><em>\u201cIo e il mio partner abbiamo finito di lavorare su un progetto crittografico. Questo \u00e8 un piccolo sito finanziario che offre servizi di prestito per le imprese. Il team di Bussodoo ha fatto tutto in tempo e secondo le nostre esigenze. Continueremo a lavorare!\u201d<\/em><\/p>\n\n\n\n<p class=\"has-neve-text-color-color has-text-color\">Gordon Rao<\/p>\n\n\n\n<div style=\"height:20px\" aria-hidden=\"true\" class=\"wp-block-spacer\"><\/div>\n<\/div>\n\n\n\n<div class=\"wp-block-column ticss-a5b4df29 is-layout-flow wp-block-column-is-layout-flow\">\n<figure class=\"wp-block-image size-large is-resized is-style-rounded\"><img loading=\"lazy\" decoding=\"async\" width=\"400\" height=\"400\" src=\"http:\/\/bussodoo.com\/wp-content\/uploads\/2020\/12\/neve-web-design-studio-02.1.jpg\" alt=\"\" class=\"wp-image-214\" style=\"width:80px;height:80px\" srcset=\"https:\/\/bussodoo.com\/wp-content\/uploads\/2020\/12\/neve-web-design-studio-02.1.jpg 400w, https:\/\/bussodoo.com\/wp-content\/uploads\/2020\/12\/neve-web-design-studio-02.1-300x300.jpg 300w, https:\/\/bussodoo.com\/wp-content\/uploads\/2020\/12\/neve-web-design-studio-02.1-150x150.jpg 150w\" sizes=\"(max-width: 400px) 100vw, 400px\" \/><\/figure>\n\n\n\n<div style=\"height:24px\" aria-hidden=\"true\" class=\"wp-block-spacer\"><\/div>\n\n\n\n<p class=\"has-text-align-left has-neve-text-color-color has-text-color\">\u201cHo ordinato lo sviluppo di un sito Web per la generazione di immagini basate sull&#8217;intelligenza artificiale. Il team ha offerto un&#8217;opzione che si adattava perfettamente al mio budget e ai miei tempi. Naturalmente alla fine \u00e8 stato un po&#8217; pi\u00f9 lungo del previsto, ma abbiamo concluso con successo.\u201d<\/p>\n\n\n\n<p class=\"has-neve-text-color-color has-text-color\">Jamie Dalton<\/p>\n\n\n\n<div style=\"height:20px\" aria-hidden=\"true\" class=\"wp-block-spacer\"><\/div>\n<\/div>\n<\/div>\n\n\n\n<div style=\"height:30px\" aria-hidden=\"true\" class=\"wp-block-spacer\"><\/div>\n<\/div><\/div>\n\n\n\n<div class=\"wp-block-cover alignfull\" style=\"min-height:300px;aspect-ratio:unset;\"><span aria-hidden=\"true\" class=\"wp-block-cover__background has-nv-dark-bg-background-color has-background-dim-100 has-background-dim\"><\/span><div class=\"wp-block-cover__inner-container is-layout-flow wp-block-cover-is-layout-flow\">\n<div style=\"height:140px\" aria-hidden=\"true\" class=\"wp-block-spacer\"><\/div>\n\n\n\n<h2 class=\"wp-block-heading has-text-align-center has-nv-text-dark-bg-color has-text-color\">Il nostro team aiuter\u00e0 a sviluppare un progetto di qualsiasi complessit\u00e0 e fornir\u00e0 la migliore esperienza.<\/h2>\n\n\n\n<p class=\"has-text-align-center has-nv-site-bg-color has-text-color has-link-color wp-elements-da55dc247d301944c64c01e98d75da6e\" style=\"font-size:17px\">I nostri esperti discuteranno la tua idea e ti offriranno la migliore opzione in termini di prezzo e tempi di sviluppo.<br>Ciclo di consegna completo dalla progettazione al test e al rilascio.<\/p>\n\n\n\n<div class=\"wp-block-buttons is-horizontal is-content-justification-center is-layout-flex wp-container-core-buttons-is-layout-499968f5 wp-block-buttons-is-layout-flex\">\n<div class=\"wp-block-button is-style-primary\"><a class=\"wp-block-button__link wp-element-button\" href=\"https:\/\/bussodoo.com\/it\/about-us\/\">Pi\u00f9 dettagli<\/a><\/div>\n<\/div>\n\n\n\n<div style=\"height:140px\" aria-hidden=\"true\" class=\"wp-block-spacer\"><\/div>\n<\/div><\/div>\n","protected":false},"excerpt":{"rendered":"<p>Sviluppo dell&#8217;intelligenza artificiale Sviluppo e implementazione dell&#8217;intelligenza artificiale nelle applicazioni di elaborazione dati. Sviluppo della criptovaluta Sviluppo di criptovalute proprie, piattaforme centralizzate e mercati NFT. Sviluppo personalizzato Sviluppo di progetti scalabili basati su architettura a microservizi. Ultimi post<\/p>\n","protected":false},"author":1,"featured_media":0,"parent":0,"menu_order":0,"comment_status":"closed","ping_status":"closed","template":"","meta":{"_coblocks_attr":"","_coblocks_dimensions":"","_coblocks_responsive_height":"","_coblocks_accordion_ie_support":"","neve_meta_sidebar":"default","neve_meta_container":"default","neve_meta_enable_content_width":"on","neve_meta_content_width":100,"neve_meta_title_alignment":"","neve_meta_author_avatar":"","neve_post_elements_order":"","neve_meta_disable_header":"","neve_meta_disable_footer":"","neve_meta_disable_title":"on","_themeisle_gutenberg_block_has_review":false,"footnotes":""},"class_list":["post-307","page","type-page","status-publish","hentry"],"_links":{"self":[{"href":"https:\/\/bussodoo.com\/it\/wp-json\/wp\/v2\/pages\/307","targetHints":{"allow":["GET"]}}],"collection":[{"href":"https:\/\/bussodoo.com\/it\/wp-json\/wp\/v2\/pages"}],"about":[{"href":"https:\/\/bussodoo.com\/it\/wp-json\/wp\/v2\/types\/page"}],"author":[{"embeddable":true,"href":"https:\/\/bussodoo.com\/it\/wp-json\/wp\/v2\/users\/1"}],"replies":[{"embeddable":true,"href":"https:\/\/bussodoo.com\/it\/wp-json\/wp\/v2\/comments?post=307"}],"version-history":[{"count":57,"href":"https:\/\/bussodoo.com\/it\/wp-json\/wp\/v2\/pages\/307\/revisions"}],"predecessor-version":[{"id":682,"href":"https:\/\/bussodoo.com\/it\/wp-json\/wp\/v2\/pages\/307\/revisions\/682"}],"wp:attachment":[{"href":"https:\/\/bussodoo.com\/it\/wp-json\/wp\/v2\/media?parent=307"}],"curies":[{"name":"wp","href":"https:\/\/api.w.org\/{rel}","templated":true}]}}