{"id":307,"date":"2020-01-13T11:17:52","date_gmt":"2020-01-13T11:17:52","guid":{"rendered":"https:\/\/demosites.io\/web-agency-gb\/?page_id=5"},"modified":"2024-05-17T08:10:10","modified_gmt":"2024-05-17T08:10:10","slug":"15c42-web-agency-gb-home","status":"publish","type":"page","link":"https:\/\/bussodoo.com\/es\/","title":{"rendered":"Home"},"content":{"rendered":"\n<div class=\"wp-block-cover alignfull is-light\" style=\"min-height:700px;aspect-ratio:unset;\"><span aria-hidden=\"true\" class=\"wp-block-cover__background has-background-dim-0 has-background-dim\"><\/span><img loading=\"lazy\" decoding=\"async\" width=\"1366\" height=\"768\" class=\"wp-block-cover__image-background wp-image-109\" alt=\"\" src=\"http:\/\/bussodoo.com\/wp-content\/uploads\/2020\/07\/web-design-studio-01.jpg.jpg\" style=\"object-position:50% 64%\" data-object-fit=\"cover\" data-object-position=\"50% 64%\" srcset=\"https:\/\/bussodoo.com\/wp-content\/uploads\/2020\/07\/web-design-studio-01.jpg.jpg 1366w, https:\/\/bussodoo.com\/wp-content\/uploads\/2020\/07\/web-design-studio-01.jpg-300x169.jpg 300w\" sizes=\"(max-width: 1366px) 100vw, 1366px\" \/><div class=\"wp-block-cover__inner-container is-layout-flow wp-block-cover-is-layout-flow\">\n<div style=\"height:80px\" aria-hidden=\"true\" class=\"wp-block-spacer\"><\/div>\n\n\n\n<h1 class=\"wp-block-heading has-text-align-center has-text-color\" style=\"color:#121212\">Un equipo de profesionales para desarrollar tus ideas.<\/h1>\n\n\n\n<p class=\"has-text-align-center has-text-color\" style=\"color:#121212;font-size:17px\">Desarrollo web de proyectos complejos desde 2011. <br>Expertos en construir soluciones personalizadas basadas en inteligencia artificial y criptomonedas.<\/p>\n\n\n\n<div class=\"wp-block-buttons is-horizontal is-content-justification-center is-layout-flex wp-container-core-buttons-is-layout-499968f5 wp-block-buttons-is-layout-flex\">\n<div class=\"wp-block-button is-style-primary\"><a class=\"wp-block-button__link wp-element-button\" href=\"https:\/\/bussodoo.com\/es\/about-us\/\">Aprende m\u00e1s<\/a><\/div>\n\n\n\n<div class=\"wp-block-button is-style-secondary\"><a class=\"wp-block-button__link wp-element-button\" href=\"https:\/\/bussodoo.com\/es\/contact-us\/\">Contratanos<\/a><\/div>\n<\/div>\n\n\n\n<div style=\"height:80px\" aria-hidden=\"true\" class=\"wp-block-spacer\"><\/div>\n\n\n\n<div style=\"height:80px\" aria-hidden=\"true\" class=\"wp-block-spacer\"><\/div>\n<\/div><\/div>\n\n\n\n<div style=\"height:80px\" aria-hidden=\"true\" class=\"wp-block-spacer\"><\/div>\n\n\n\n<div class=\"wp-block-columns is-layout-flex wp-container-core-columns-is-layout-9d6595d7 wp-block-columns-is-layout-flex\">\n<div class=\"wp-block-column is-layout-flow wp-block-column-is-layout-flow\"><div class=\"wp-block-image icon-style is-style-rounded\">\n<figure class=\"aligncenter size-large\"><img loading=\"lazy\" decoding=\"async\" width=\"72\" height=\"72\" src=\"http:\/\/bussodoo.com\/wp-content\/uploads\/2020\/01\/neve-webdesign-GB-03.png\" alt=\"\" class=\"wp-image-20\" title=\"\"\/><\/figure>\n<\/div>\n\n\n<div style=\"height:20px\" aria-hidden=\"true\" class=\"wp-block-spacer\"><\/div>\n\n\n\n<h3 class=\"wp-block-heading has-text-align-center has-neve-text-color-color has-text-color\">Desarrollo de IA<\/h3>\n\n\n\n<p class=\"has-text-align-center\">Desarrollo e implementaci\u00f3n de inteligencia artificial en aplicaciones de procesamiento de datos.<\/p>\n\n\n\n<div style=\"height:20px\" aria-hidden=\"true\" class=\"wp-block-spacer\"><\/div>\n<\/div>\n\n\n\n<div class=\"wp-block-column is-layout-flow wp-block-column-is-layout-flow\"><div class=\"wp-block-image icon-style is-style-rounded\">\n<figure class=\"aligncenter size-large\"><img decoding=\"async\" src=\"http:\/\/bussodoo.com\/wp-content\/uploads\/2020\/01\/neve-webdesign-GB-04.png\" alt=\"\" class=\"wp-image-21\"\/><\/figure>\n<\/div>\n\n\n<div style=\"height:20px\" aria-hidden=\"true\" class=\"wp-block-spacer\"><\/div>\n\n\n\n<h3 class=\"wp-block-heading has-text-align-center has-neve-text-color-color has-text-color\">Desarrollo criptogr\u00e1fico<\/h3>\n\n\n\n<p class=\"has-text-align-center\">Desarrollo de criptomonedas propias, plataformas centralizadas y mercados NFT.<\/p>\n\n\n\n<div style=\"height:20px\" aria-hidden=\"true\" class=\"wp-block-spacer\"><\/div>\n<\/div>\n\n\n\n<div class=\"wp-block-column is-layout-flow wp-block-column-is-layout-flow\"><div class=\"wp-block-image icon-style is-style-rounded\">\n<figure class=\"aligncenter size-large\"><img decoding=\"async\" src=\"http:\/\/bussodoo.com\/wp-content\/uploads\/2020\/01\/neve-webdesign-GB-01.png\" alt=\"\" class=\"wp-image-18\"\/><\/figure>\n<\/div>\n\n\n<div style=\"height:20px\" aria-hidden=\"true\" class=\"wp-block-spacer\"><\/div>\n\n\n\n<h3 class=\"wp-block-heading has-text-align-center has-neve-text-color-color has-text-color\">Desarrollo a la medida<\/h3>\n\n\n\n<p class=\"has-text-align-center\">Desarrollo de proyectos escalables basados en arquitectura de microservicios.<\/p>\n\n\n\n<div style=\"height:20px\" aria-hidden=\"true\" class=\"wp-block-spacer\"><\/div>\n<\/div>\n<\/div>\n\n\n\n<div style=\"height:80px\" aria-hidden=\"true\" class=\"wp-block-spacer\"><\/div>\n\n\n\n<div class=\"wp-block-cover alignfull\" style=\"min-height:600px;aspect-ratio:unset;\"><span aria-hidden=\"true\" class=\"wp-block-cover__background has-nv-light-bg-background-color has-background-dim-100 has-background-dim\"><\/span><div class=\"wp-block-cover__inner-container is-layout-flow wp-block-cover-is-layout-flow\">\n<div class=\"wp-block-group\"><div class=\"wp-block-group__inner-container is-layout-flow wp-block-group-is-layout-flow\">\n<div style=\"height:80px\" aria-hidden=\"true\" class=\"wp-block-spacer\"><\/div>\n\n\n\n<div class=\"wp-block-columns are-vertically-aligned-center is-layout-flex wp-container-core-columns-is-layout-9d6595d7 wp-block-columns-is-layout-flex\">\n<div class=\"wp-block-column is-vertically-aligned-center is-layout-flow wp-block-column-is-layout-flow\" style=\"flex-basis:50%\">\n<figure class=\"wp-block-image size-large is-resized\"><img decoding=\"async\" src=\"http:\/\/bussodoo.com\/wp-content\/uploads\/2020\/01\/neve-web-design-bg-10.jpg\" alt=\"\" class=\"wp-image-37\" style=\"width:526px;height:auto\"\/><\/figure>\n<\/div>\n\n\n\n<div class=\"wp-block-column is-vertically-aligned-center is-layout-flow wp-block-column-is-layout-flow\" style=\"flex-basis:50%\">\n<div style=\"height:20px\" aria-hidden=\"true\" class=\"wp-block-spacer\"><\/div>\n\n\n\n<h2 class=\"wp-block-heading has-text-align-left has-neve-text-color-color has-text-color\">Desarrollo a la medida<\/h2>\n\n\n\n<p class=\"has-text-align-left has-neve-text-color-color has-text-color\" style=\"font-size:17px\">Nuestra empresa desarrolla proyectos a partir del desarrollo de la idea y el dibujo del dise\u00f1o. Todos los dise\u00f1os se preparan en Figma y se entregan al cliente para su verificaci\u00f3n.<\/p>\n\n\n\n<p class=\"has-neve-text-color-color has-text-color has-link-color wp-elements-3133bbfea0e3085d37b3580447d85b39\" style=\"font-size:17px\">El equipo de dise\u00f1o utiliza estilos y enfoques modernos al preparar los dise\u00f1os. Todos los componentes est\u00e1n organizados seg\u00fan un dise\u00f1o responsivo para UI\/UX.<\/p>\n\n\n\n<div class=\"wp-block-buttons is-horizontal is-content-justification-left is-layout-flex wp-container-core-buttons-is-layout-7e5fce0a wp-block-buttons-is-layout-flex\">\n<div class=\"wp-block-button is-style-primary\"><a class=\"wp-block-button__link wp-element-button\" href=\"https:\/\/bussodoo.com\/es\/services\/\">Aprende m\u00e1s<\/a><\/div>\n<\/div>\n<\/div>\n<\/div>\n\n\n\n<div style=\"height:40px\" aria-hidden=\"true\" class=\"wp-block-spacer\"><\/div>\n<\/div><\/div>\n<\/div><\/div>\n\n\n\n<div class=\"wp-block-cover alignfull\" style=\"min-height:600px;aspect-ratio:unset;\"><span aria-hidden=\"true\" class=\"wp-block-cover__background has-nv-site-bg-background-color has-background-dim-100 has-background-dim\"><\/span><div class=\"wp-block-cover__inner-container is-layout-flow wp-block-cover-is-layout-flow\">\n<div class=\"wp-block-group\"><div class=\"wp-block-group__inner-container is-layout-flow wp-block-group-is-layout-flow\">\n<div style=\"height:80px\" aria-hidden=\"true\" class=\"wp-block-spacer\"><\/div>\n\n\n\n<div class=\"wp-block-columns are-vertically-aligned-center is-layout-flex wp-container-core-columns-is-layout-9d6595d7 wp-block-columns-is-layout-flex\">\n<div class=\"wp-block-column is-vertically-aligned-center is-layout-flow wp-block-column-is-layout-flow\" style=\"flex-basis:50%\">\n<h2 class=\"wp-block-heading has-text-align-left has-neve-text-color-color has-text-color\">Desarrollo criptogr\u00e1fico<\/h2>\n\n\n\n<p class=\"has-text-align-left has-neve-text-color-color has-text-color\" style=\"font-size:17px\">Nuestra empresa se dedica al desarrollo e integraci\u00f3n de criptomonedas en plataformas financieras. Nuestra experiencia nos permite crear intercambios de criptomonedas de diversa complejidad: plataformas criptogr\u00e1ficas centralizadas y descentralizadas, intercambiadores p2p, subastas NFT.<\/p>\n\n\n\n<p class=\"has-neve-text-color-color has-text-color has-link-color wp-elements-7759e3de74935841177271d2a1cb4d1b\" style=\"font-size:17px\">Amplia experiencia en el desarrollo y auditor\u00eda de contratos inteligentes e implementaci\u00f3n de criptomonedas para aceptar pagos. Nuestros expertos tambi\u00e9n le permiten organizar el trabajo de su proyecto criptogr\u00e1fico.<\/p>\n\n\n\n<div class=\"wp-block-buttons is-horizontal is-content-justification-left is-layout-flex wp-container-core-buttons-is-layout-7e5fce0a wp-block-buttons-is-layout-flex\">\n<div class=\"wp-block-button is-style-primary\"><a class=\"wp-block-button__link wp-element-button\" href=\"https:\/\/bussodoo.com\/es\/services\/\">Aprende m\u00e1s<\/a><\/div>\n<\/div>\n\n\n\n<div style=\"height:40px\" aria-hidden=\"true\" class=\"wp-block-spacer\"><\/div>\n<\/div>\n\n\n\n<div class=\"wp-block-column is-vertically-aligned-center is-layout-flow wp-block-column-is-layout-flow\" style=\"flex-basis:50%\">\n<figure class=\"wp-block-image size-large is-resized\"><img loading=\"lazy\" decoding=\"async\" width=\"600\" height=\"600\" src=\"http:\/\/bussodoo.com\/wp-content\/uploads\/2020\/01\/neve-web-design-bg-13.jpg\" alt=\"\" class=\"wp-image-40\" style=\"width:572px;height:auto\" srcset=\"https:\/\/bussodoo.com\/wp-content\/uploads\/2020\/01\/neve-web-design-bg-13.jpg 600w, https:\/\/bussodoo.com\/wp-content\/uploads\/2020\/01\/neve-web-design-bg-13-300x300.jpg 300w, https:\/\/bussodoo.com\/wp-content\/uploads\/2020\/01\/neve-web-design-bg-13-150x150.jpg 150w\" sizes=\"(max-width: 600px) 100vw, 600px\" \/><\/figure>\n<\/div>\n<\/div>\n\n\n\n<div style=\"height:40px\" aria-hidden=\"true\" class=\"wp-block-spacer\"><\/div>\n<\/div><\/div>\n<\/div><\/div>\n\n\n\n<div class=\"wp-block-cover alignfull\" style=\"min-height:600px;aspect-ratio:unset;\"><span aria-hidden=\"true\" class=\"wp-block-cover__background has-nv-dark-bg-background-color has-background-dim-100 has-background-dim\"><\/span><div class=\"wp-block-cover__inner-container is-layout-flow wp-block-cover-is-layout-flow\">\n<div class=\"wp-block-group\"><div class=\"wp-block-group__inner-container is-layout-flow wp-block-group-is-layout-flow\">\n<div style=\"height:80px\" aria-hidden=\"true\" class=\"wp-block-spacer\"><\/div>\n\n\n\n<div class=\"wp-block-columns are-vertically-aligned-center is-layout-flex wp-container-core-columns-is-layout-9d6595d7 wp-block-columns-is-layout-flex\">\n<div class=\"wp-block-column is-vertically-aligned-center is-layout-flow wp-block-column-is-layout-flow\" style=\"flex-basis:50%\">\n<figure class=\"wp-block-image size-large is-resized\"><img decoding=\"async\" src=\"http:\/\/bussodoo.com\/wp-content\/uploads\/2020\/01\/neve-web-design-bg-08.jpg\" alt=\"\" class=\"wp-image-35\" style=\"width:537px;height:auto\"\/><\/figure>\n<\/div>\n\n\n\n<div class=\"wp-block-column is-vertically-aligned-center is-layout-flow wp-block-column-is-layout-flow\" style=\"flex-basis:50%\">\n<div style=\"height:40px\" aria-hidden=\"true\" class=\"wp-block-spacer\"><\/div>\n\n\n\n<h2 class=\"wp-block-heading has-text-align-left has-nv-text-dark-bg-color has-text-color\">Desarrollo de IA<\/h2>\n\n\n\n<p class=\"has-text-align-left has-nv-text-dark-bg-color has-text-color\" style=\"font-size:17px\">Los analistas de datos y los desarrolladores de Python ayudar\u00e1n a implementar inteligencia artificial para optimizar el funcionamiento de la aplicaci\u00f3n o automatizar procesos rutinarios en la empresa. La instalaci\u00f3n y ejecuci\u00f3n de modelos preparados con entrenamiento proporciona excelentes resultados en la integraci\u00f3n exitosa de redes neuronales.<\/p>\n\n\n\n<p class=\"has-nv-site-bg-color has-text-color has-link-color wp-elements-3d37931fd0dd5c52c9cdd46479610ebb\" style=\"font-size:17px\">El equipo de desarrollo preparar\u00e1 scripts para procesar video, im\u00e1genes y audio para implementarlos en su plataforma. Las nuevas soluciones mejorar\u00e1n significativamente la eficiencia de su plataforma y la har\u00e1n m\u00e1s atractiva para los usuarios.<\/p>\n\n\n\n<div class=\"wp-block-buttons is-horizontal is-content-justification-left is-layout-flex wp-container-core-buttons-is-layout-7e5fce0a wp-block-buttons-is-layout-flex\">\n<div class=\"wp-block-button is-style-primary\"><a class=\"wp-block-button__link wp-element-button\" href=\"https:\/\/bussodoo.com\/es\/services\/\">Aprende m\u00e1s<\/a><\/div>\n<\/div>\n<\/div>\n<\/div>\n\n\n\n<div style=\"height:50px\" aria-hidden=\"true\" class=\"wp-block-spacer\"><\/div>\n<\/div><\/div>\n<\/div><\/div>\n\n\n\n<div style=\"height:50px\" aria-hidden=\"true\" class=\"wp-block-spacer\"><\/div>\n\n\n\n<h2 class=\"wp-block-heading has-text-align-center\">Nuevas publicaciones<\/h2>\n\n\n\n<div style=\"height:50px\" aria-hidden=\"true\" class=\"wp-block-spacer\"><\/div>\n\n\n<div class=\"wp-block-themeisle-blocks-posts-grid\" id=\"wp-block-themeisle-blocks-posts-grid-c8856f91\"><div class=\"is-grid o-posts-grid-columns-3\"><div class=\"o-posts-grid-post-blog o-posts-grid-post-plain\"><div class=\"o-posts-grid-post\"><div class=\"o-posts-grid-post-image\"><a href=\"https:\/\/bussodoo.com\/es\/advantages-of-trading-on-the-pancakeswap-decentralized-exchange\/\"><img loading=\"lazy\" decoding=\"async\" width=\"1600\" height=\"1040\" src=\"https:\/\/bussodoo.com\/wp-content\/uploads\/2024\/07\/dex.jpg\" class=\"attachment-full size-full\" alt=\"Ventajas de operar en el intercambio descentralizado PancakeSwap\" srcset=\"https:\/\/bussodoo.com\/wp-content\/uploads\/2024\/07\/dex.jpg 1600w, https:\/\/bussodoo.com\/wp-content\/uploads\/2024\/07\/dex-300x195.jpg 300w, https:\/\/bussodoo.com\/wp-content\/uploads\/2024\/07\/dex-1024x666.jpg 1024w, https:\/\/bussodoo.com\/wp-content\/uploads\/2024\/07\/dex-768x499.jpg 768w, https:\/\/bussodoo.com\/wp-content\/uploads\/2024\/07\/dex-1536x998.jpg 1536w\" sizes=\"(max-width: 1600px) 100vw, 1600px\" \/><\/a><\/div><div class=\"o-posts-grid-post-body\"><span class=\"o-posts-grid-post-category\"><a href=\"https:\/\/bussodoo.com\/es\/category\/crypto\/\">Crypto<\/a><\/span><h4 class=\"o-posts-grid-post-title\"><a href=\"https:\/\/bussodoo.com\/es\/advantages-of-trading-on-the-pancakeswap-decentralized-exchange\/\">Ventajas de operar en el intercambio descentralizado PancakeSwap<\/a><\/h4><div class=\"o-posts-grid-post-description\"><p>La demanda de servicios de intercambios descentralizados para el comercio de criptomonedas est\u00e1 crec\u2026<\/p><\/div><\/div><\/div><\/div><div class=\"o-posts-grid-post-blog o-posts-grid-post-plain\"><div class=\"o-posts-grid-post\"><div class=\"o-posts-grid-post-image\"><a href=\"https:\/\/bussodoo.com\/es\/forex-trading-tips-for-beginners\/\"><img loading=\"lazy\" decoding=\"async\" width=\"1600\" height=\"1067\" src=\"https:\/\/bussodoo.com\/wp-content\/uploads\/2024\/07\/forex-tips.jpg\" class=\"attachment-full size-full\" alt=\"Consejos para operar en Forex para principiantes\" srcset=\"https:\/\/bussodoo.com\/wp-content\/uploads\/2024\/07\/forex-tips.jpg 1600w, https:\/\/bussodoo.com\/wp-content\/uploads\/2024\/07\/forex-tips-300x200.jpg 300w, https:\/\/bussodoo.com\/wp-content\/uploads\/2024\/07\/forex-tips-1024x683.jpg 1024w, https:\/\/bussodoo.com\/wp-content\/uploads\/2024\/07\/forex-tips-768x512.jpg 768w, https:\/\/bussodoo.com\/wp-content\/uploads\/2024\/07\/forex-tips-1536x1024.jpg 1536w, https:\/\/bussodoo.com\/wp-content\/uploads\/2024\/07\/forex-tips-930x620.jpg 930w\" sizes=\"(max-width: 1600px) 100vw, 1600px\" \/><\/a><\/div><div class=\"o-posts-grid-post-body\"><span class=\"o-posts-grid-post-category\"><a href=\"https:\/\/bussodoo.com\/es\/category\/business\/\">Business<\/a><\/span><h4 class=\"o-posts-grid-post-title\"><a href=\"https:\/\/bussodoo.com\/es\/forex-trading-tips-for-beginners\/\">Consejos para operar en Forex para principiantes<\/a><\/h4><div class=\"o-posts-grid-post-description\"><p>El cambio de divisas en tiempo real en bolsas especiales y mercados virtuales es una oportunidad no \u2026<\/p><\/div><\/div><\/div><\/div><div class=\"o-posts-grid-post-blog o-posts-grid-post-plain\"><div class=\"o-posts-grid-post\"><div class=\"o-posts-grid-post-image\"><a href=\"https:\/\/bussodoo.com\/es\/top-5-altcoins-for-trading-on-the-crypto-exchange\/\"><img loading=\"lazy\" decoding=\"async\" width=\"1600\" height=\"855\" src=\"https:\/\/bussodoo.com\/wp-content\/uploads\/2024\/06\/alt-back.jpg\" class=\"attachment-full size-full\" alt=\"Las 5 mejores altcoins para negociar en el intercambio de cifrado\" srcset=\"https:\/\/bussodoo.com\/wp-content\/uploads\/2024\/06\/alt-back.jpg 1600w, https:\/\/bussodoo.com\/wp-content\/uploads\/2024\/06\/alt-back-300x160.jpg 300w, https:\/\/bussodoo.com\/wp-content\/uploads\/2024\/06\/alt-back-1024x547.jpg 1024w, https:\/\/bussodoo.com\/wp-content\/uploads\/2024\/06\/alt-back-768x410.jpg 768w, https:\/\/bussodoo.com\/wp-content\/uploads\/2024\/06\/alt-back-1536x821.jpg 1536w\" sizes=\"(max-width: 1600px) 100vw, 1600px\" \/><\/a><\/div><div class=\"o-posts-grid-post-body\"><span class=\"o-posts-grid-post-category\"><a href=\"https:\/\/bussodoo.com\/es\/category\/crypto\/\">Crypto<\/a><\/span><h4 class=\"o-posts-grid-post-title\"><a href=\"https:\/\/bussodoo.com\/es\/top-5-altcoins-for-trading-on-the-crypto-exchange\/\">Las 5 mejores altcoins para negociar en el intercambio de cifrado<\/a><\/h4><div class=\"o-posts-grid-post-description\"><p>La industria de la criptograf\u00eda ha experimentado cambios importantes en las \u00faltimas d\u00e9cadas. Esta in\u2026<\/p><\/div><\/div><\/div><\/div><\/div> <\/div>\n\n\n<div style=\"height:100px\" aria-hidden=\"true\" class=\"wp-block-spacer\"><\/div>\n\n\n\n<div class=\"wp-block-cover alignfull\" style=\"min-height:420px;aspect-ratio:unset;\"><span aria-hidden=\"true\" class=\"wp-block-cover__background has-nv-light-bg-background-color has-background-dim-100 has-background-dim\"><\/span><div class=\"wp-block-cover__inner-container is-layout-flow wp-block-cover-is-layout-flow\">\n<div style=\"height:80px\" aria-hidden=\"true\" class=\"wp-block-spacer\"><\/div>\n\n\n\n<div class=\"wp-block-columns is-layout-flex wp-container-core-columns-is-layout-9d6595d7 wp-block-columns-is-layout-flex\">\n<div class=\"wp-block-column ticss-4ce656f1 is-layout-flow wp-block-column-is-layout-flow\">\n<figure class=\"wp-block-image size-large is-resized is-style-rounded\"><img loading=\"lazy\" decoding=\"async\" width=\"400\" height=\"400\" src=\"http:\/\/bussodoo.com\/wp-content\/uploads\/2020\/12\/neve-web-design-studio-03.1.jpg\" alt=\"\" class=\"wp-image-215\" style=\"width:80px;height:80px\" srcset=\"https:\/\/bussodoo.com\/wp-content\/uploads\/2020\/12\/neve-web-design-studio-03.1.jpg 400w, https:\/\/bussodoo.com\/wp-content\/uploads\/2020\/12\/neve-web-design-studio-03.1-300x300.jpg 300w, https:\/\/bussodoo.com\/wp-content\/uploads\/2020\/12\/neve-web-design-studio-03.1-150x150.jpg 150w\" sizes=\"(max-width: 400px) 100vw, 400px\" \/><\/figure>\n\n\n\n<div style=\"height:24px\" aria-hidden=\"true\" class=\"wp-block-spacer\"><\/div>\n\n\n\n<p class=\"has-text-align-left has-neve-text-color-color has-text-color\"><em>\u201cLa empresa Bussodoo ha desarrollado para nosotros una plataforma de crowdfunding. Los chicos ofrecieron la mejor soluci\u00f3n y aportaron ideas interesantes para implementar nuestro proyecto. Excelente comunicaci\u00f3n y alta profesionalidad.\u201d<\/em><\/p>\n\n\n\n<p class=\"has-neve-text-color-color has-text-color\">Britain Cormier<\/p>\n\n\n\n<div style=\"height:20px\" aria-hidden=\"true\" class=\"wp-block-spacer\"><\/div>\n<\/div>\n\n\n\n<div class=\"wp-block-column ticss-f6fc7494 is-layout-flow wp-block-column-is-layout-flow\">\n<figure class=\"wp-block-image size-large is-resized is-style-rounded\"><img loading=\"lazy\" decoding=\"async\" width=\"400\" height=\"400\" src=\"http:\/\/bussodoo.com\/wp-content\/uploads\/2020\/12\/neve-web-design-studio-04.1.jpg\" alt=\"\" class=\"wp-image-216\" style=\"width:80px;height:80px\" srcset=\"https:\/\/bussodoo.com\/wp-content\/uploads\/2020\/12\/neve-web-design-studio-04.1.jpg 400w, https:\/\/bussodoo.com\/wp-content\/uploads\/2020\/12\/neve-web-design-studio-04.1-300x300.jpg 300w, https:\/\/bussodoo.com\/wp-content\/uploads\/2020\/12\/neve-web-design-studio-04.1-150x150.jpg 150w\" sizes=\"(max-width: 400px) 100vw, 400px\" \/><\/figure>\n\n\n\n<div style=\"height:24px\" aria-hidden=\"true\" class=\"wp-block-spacer\"><\/div>\n\n\n\n<p class=\"has-text-align-left has-neve-text-color-color has-text-color\"><em>\u201cMi socio y yo terminamos de trabajar en un proyecto criptogr\u00e1fico. Este es un peque\u00f1o sitio financiero que ofrece servicios de pr\u00e9stamos para empresas. El equipo de Bussodoo hizo todo a tiempo y seg\u00fan nuestras necesidades. \u00a1Seguiremos trabajando!\u201d<\/em><\/p>\n\n\n\n<p class=\"has-neve-text-color-color has-text-color\">Gordon Rao<\/p>\n\n\n\n<div style=\"height:20px\" aria-hidden=\"true\" class=\"wp-block-spacer\"><\/div>\n<\/div>\n\n\n\n<div class=\"wp-block-column ticss-a5b4df29 is-layout-flow wp-block-column-is-layout-flow\">\n<figure class=\"wp-block-image size-large is-resized is-style-rounded\"><img loading=\"lazy\" decoding=\"async\" width=\"400\" height=\"400\" src=\"http:\/\/bussodoo.com\/wp-content\/uploads\/2020\/12\/neve-web-design-studio-02.1.jpg\" alt=\"\" class=\"wp-image-214\" style=\"width:80px;height:80px\" srcset=\"https:\/\/bussodoo.com\/wp-content\/uploads\/2020\/12\/neve-web-design-studio-02.1.jpg 400w, https:\/\/bussodoo.com\/wp-content\/uploads\/2020\/12\/neve-web-design-studio-02.1-300x300.jpg 300w, https:\/\/bussodoo.com\/wp-content\/uploads\/2020\/12\/neve-web-design-studio-02.1-150x150.jpg 150w\" sizes=\"(max-width: 400px) 100vw, 400px\" \/><\/figure>\n\n\n\n<div style=\"height:24px\" aria-hidden=\"true\" class=\"wp-block-spacer\"><\/div>\n\n\n\n<p class=\"has-text-align-left has-neve-text-color-color has-text-color\">\u201cEncargu\u00e9 el desarrollo de un sitio web para generar im\u00e1genes basado en IA. El equipo ofreci\u00f3 una opci\u00f3n que se adaptaba perfectamente a mi presupuesto y plazo. Por supuesto, al final result\u00f3 un poco m\u00e1s largo de lo planeado, pero terminamos con \u00e9xito.\u201d<\/p>\n\n\n\n<p class=\"has-neve-text-color-color has-text-color\">Jamie Dalton<\/p>\n\n\n\n<div style=\"height:20px\" aria-hidden=\"true\" class=\"wp-block-spacer\"><\/div>\n<\/div>\n<\/div>\n\n\n\n<div style=\"height:30px\" aria-hidden=\"true\" class=\"wp-block-spacer\"><\/div>\n<\/div><\/div>\n\n\n\n<div class=\"wp-block-cover alignfull\" style=\"min-height:300px;aspect-ratio:unset;\"><span aria-hidden=\"true\" class=\"wp-block-cover__background has-nv-dark-bg-background-color has-background-dim-100 has-background-dim\"><\/span><div class=\"wp-block-cover__inner-container is-layout-flow wp-block-cover-is-layout-flow\">\n<div style=\"height:140px\" aria-hidden=\"true\" class=\"wp-block-spacer\"><\/div>\n\n\n\n<h2 class=\"wp-block-heading has-text-align-center has-nv-text-dark-bg-color has-text-color\">Nuestro equipo ayudar\u00e1 a desarrollar un proyecto de cualquier complejidad y brindar\u00e1 la mejor experiencia.<\/h2>\n\n\n\n<p class=\"has-text-align-center has-nv-site-bg-color has-text-color has-link-color wp-elements-3bd459dd3249e493b54ca9ddb7201550\" style=\"font-size:17px\">Nuestros expertos discutir\u00e1n su idea y le ofrecer\u00e1n la mejor opci\u00f3n en t\u00e9rminos de precio y tiempo de desarrollo. <br>Ciclo de entrega completo desde el dise\u00f1o hasta las pruebas y el lanzamiento.<\/p>\n\n\n\n<div class=\"wp-block-buttons is-horizontal is-content-justification-center is-layout-flex wp-container-core-buttons-is-layout-499968f5 wp-block-buttons-is-layout-flex\">\n<div class=\"wp-block-button is-style-primary\"><a class=\"wp-block-button__link wp-element-button\" href=\"https:\/\/bussodoo.com\/es\/about-us\/\">Aprende m\u00e1s<\/a><\/div>\n<\/div>\n\n\n\n<div style=\"height:140px\" aria-hidden=\"true\" class=\"wp-block-spacer\"><\/div>\n<\/div><\/div>\n","protected":false},"excerpt":{"rendered":"<p>Desarrollo de IA Desarrollo e implementaci\u00f3n de inteligencia artificial en aplicaciones de procesamiento de datos. Desarrollo criptogr\u00e1fico Desarrollo de criptomonedas propias, plataformas centralizadas y mercados NFT. Desarrollo a la medida Desarrollo de proyectos escalables basados en arquitectura de microservicios. Nuevas publicaciones<\/p>\n","protected":false},"author":1,"featured_media":0,"parent":0,"menu_order":0,"comment_status":"closed","ping_status":"closed","template":"","meta":{"_coblocks_attr":"","_coblocks_dimensions":"","_coblocks_responsive_height":"","_coblocks_accordion_ie_support":"","neve_meta_sidebar":"default","neve_meta_container":"default","neve_meta_enable_content_width":"on","neve_meta_content_width":100,"neve_meta_title_alignment":"","neve_meta_author_avatar":"","neve_post_elements_order":"","neve_meta_disable_header":"","neve_meta_disable_footer":"","neve_meta_disable_title":"on","_themeisle_gutenberg_block_has_review":false,"footnotes":""},"class_list":["post-307","page","type-page","status-publish","hentry"],"_links":{"self":[{"href":"https:\/\/bussodoo.com\/es\/wp-json\/wp\/v2\/pages\/307","targetHints":{"allow":["GET"]}}],"collection":[{"href":"https:\/\/bussodoo.com\/es\/wp-json\/wp\/v2\/pages"}],"about":[{"href":"https:\/\/bussodoo.com\/es\/wp-json\/wp\/v2\/types\/page"}],"author":[{"embeddable":true,"href":"https:\/\/bussodoo.com\/es\/wp-json\/wp\/v2\/users\/1"}],"replies":[{"embeddable":true,"href":"https:\/\/bussodoo.com\/es\/wp-json\/wp\/v2\/comments?post=307"}],"version-history":[{"count":57,"href":"https:\/\/bussodoo.com\/es\/wp-json\/wp\/v2\/pages\/307\/revisions"}],"predecessor-version":[{"id":682,"href":"https:\/\/bussodoo.com\/es\/wp-json\/wp\/v2\/pages\/307\/revisions\/682"}],"wp:attachment":[{"href":"https:\/\/bussodoo.com\/es\/wp-json\/wp\/v2\/media?parent=307"}],"curies":[{"name":"wp","href":"https:\/\/api.w.org\/{rel}","templated":true}]}}