{"id":307,"date":"2020-01-13T11:17:52","date_gmt":"2020-01-13T11:17:52","guid":{"rendered":"https:\/\/demosites.io\/web-agency-gb\/?page_id=5"},"modified":"2024-05-17T08:10:10","modified_gmt":"2024-05-17T08:10:10","slug":"15c42-web-agency-gb-home","status":"publish","type":"page","link":"https:\/\/bussodoo.com\/de\/","title":{"rendered":"Home"},"content":{"rendered":"\n<div class=\"wp-block-cover alignfull is-light\" style=\"min-height:700px;aspect-ratio:unset;\"><span aria-hidden=\"true\" class=\"wp-block-cover__background has-background-dim-0 has-background-dim\"><\/span><img loading=\"lazy\" decoding=\"async\" width=\"1366\" height=\"768\" class=\"wp-block-cover__image-background wp-image-109\" alt=\"\" src=\"http:\/\/bussodoo.com\/wp-content\/uploads\/2020\/07\/web-design-studio-01.jpg.jpg\" style=\"object-position:50% 64%\" data-object-fit=\"cover\" data-object-position=\"50% 64%\" srcset=\"https:\/\/bussodoo.com\/wp-content\/uploads\/2020\/07\/web-design-studio-01.jpg.jpg 1366w, https:\/\/bussodoo.com\/wp-content\/uploads\/2020\/07\/web-design-studio-01.jpg-300x169.jpg 300w\" sizes=\"(max-width: 1366px) 100vw, 1366px\" \/><div class=\"wp-block-cover__inner-container is-layout-flow wp-block-cover-is-layout-flow\">\n<div style=\"height:80px\" aria-hidden=\"true\" class=\"wp-block-spacer\"><\/div>\n\n\n\n<h1 class=\"wp-block-heading has-text-align-center has-text-color\" style=\"color:#121212\">Ein Team von Fachleuten zur Entwicklung Ihrer Ideen<\/h1>\n\n\n\n<p class=\"has-text-align-center has-text-color\" style=\"color:#121212;font-size:17px\">Webentwicklung komplexer Projekte seit 2011.<br>Experten f\u00fcr den Aufbau ma\u00dfgeschneiderter L\u00f6sungen auf Basis k\u00fcnstlicher Intelligenz und Kryptow\u00e4hrungen.<\/p>\n\n\n\n<div class=\"wp-block-buttons is-horizontal is-content-justification-center is-layout-flex wp-container-core-buttons-is-layout-499968f5 wp-block-buttons-is-layout-flex\">\n<div class=\"wp-block-button is-style-primary\"><a class=\"wp-block-button__link wp-element-button\" href=\"https:\/\/bussodoo.com\/de\/about-us\/\">Mehr Details<\/a><\/div>\n\n\n\n<div class=\"wp-block-button is-style-secondary\"><a class=\"wp-block-button__link wp-element-button\" href=\"https:\/\/bussodoo.com\/de\/contact-us\/\">Kontaktiere uns<\/a><\/div>\n<\/div>\n\n\n\n<div style=\"height:80px\" aria-hidden=\"true\" class=\"wp-block-spacer\"><\/div>\n\n\n\n<div style=\"height:80px\" aria-hidden=\"true\" class=\"wp-block-spacer\"><\/div>\n<\/div><\/div>\n\n\n\n<div style=\"height:80px\" aria-hidden=\"true\" class=\"wp-block-spacer\"><\/div>\n\n\n\n<div class=\"wp-block-columns is-layout-flex wp-container-core-columns-is-layout-9d6595d7 wp-block-columns-is-layout-flex\">\n<div class=\"wp-block-column is-layout-flow wp-block-column-is-layout-flow\"><div class=\"wp-block-image icon-style is-style-rounded\">\n<figure class=\"aligncenter size-large\"><img loading=\"lazy\" decoding=\"async\" width=\"72\" height=\"72\" src=\"http:\/\/bussodoo.com\/wp-content\/uploads\/2020\/01\/neve-webdesign-GB-03.png\" alt=\"\" class=\"wp-image-20\" title=\"\"\/><\/figure>\n<\/div>\n\n\n<div style=\"height:20px\" aria-hidden=\"true\" class=\"wp-block-spacer\"><\/div>\n\n\n\n<h3 class=\"wp-block-heading has-text-align-center has-neve-text-color-color has-text-color\">KI-Entwicklung<\/h3>\n\n\n\n<p class=\"has-text-align-center\">Entwicklung und Implementierung k\u00fcnstlicher Intelligenz in Datenverarbeitungsanwendungen.<\/p>\n\n\n\n<div style=\"height:20px\" aria-hidden=\"true\" class=\"wp-block-spacer\"><\/div>\n<\/div>\n\n\n\n<div class=\"wp-block-column is-layout-flow wp-block-column-is-layout-flow\"><div class=\"wp-block-image icon-style is-style-rounded\">\n<figure class=\"aligncenter size-large\"><img decoding=\"async\" src=\"http:\/\/bussodoo.com\/wp-content\/uploads\/2020\/01\/neve-webdesign-GB-04.png\" alt=\"\" class=\"wp-image-21\"\/><\/figure>\n<\/div>\n\n\n<div style=\"height:20px\" aria-hidden=\"true\" class=\"wp-block-spacer\"><\/div>\n\n\n\n<h3 class=\"wp-block-heading has-text-align-center has-neve-text-color-color has-text-color\">Krypto-Entwicklung<\/h3>\n\n\n\n<p class=\"has-text-align-center\">Entwicklung eigener Kryptow\u00e4hrungen, zentralisierter Plattformen und NFT-Marktpl\u00e4tze.<\/p>\n\n\n\n<div style=\"height:20px\" aria-hidden=\"true\" class=\"wp-block-spacer\"><\/div>\n<\/div>\n\n\n\n<div class=\"wp-block-column is-layout-flow wp-block-column-is-layout-flow\"><div class=\"wp-block-image icon-style is-style-rounded\">\n<figure class=\"aligncenter size-large\"><img decoding=\"async\" src=\"http:\/\/bussodoo.com\/wp-content\/uploads\/2020\/01\/neve-webdesign-GB-01.png\" alt=\"\" class=\"wp-image-18\"\/><\/figure>\n<\/div>\n\n\n<div style=\"height:20px\" aria-hidden=\"true\" class=\"wp-block-spacer\"><\/div>\n\n\n\n<h3 class=\"wp-block-heading has-text-align-center has-neve-text-color-color has-text-color\">Kundenspezifische Entwicklung<\/h3>\n\n\n\n<p class=\"has-text-align-center\">Entwicklung skalierbarer Projekte auf Basis einer Microservice-Architektur.<\/p>\n\n\n\n<div style=\"height:20px\" aria-hidden=\"true\" class=\"wp-block-spacer\"><\/div>\n<\/div>\n<\/div>\n\n\n\n<div style=\"height:80px\" aria-hidden=\"true\" class=\"wp-block-spacer\"><\/div>\n\n\n\n<div class=\"wp-block-cover alignfull\" style=\"min-height:600px;aspect-ratio:unset;\"><span aria-hidden=\"true\" class=\"wp-block-cover__background has-nv-light-bg-background-color has-background-dim-100 has-background-dim\"><\/span><div class=\"wp-block-cover__inner-container is-layout-flow wp-block-cover-is-layout-flow\">\n<div class=\"wp-block-group\"><div class=\"wp-block-group__inner-container is-layout-flow wp-block-group-is-layout-flow\">\n<div style=\"height:80px\" aria-hidden=\"true\" class=\"wp-block-spacer\"><\/div>\n\n\n\n<div class=\"wp-block-columns are-vertically-aligned-center is-layout-flex wp-container-core-columns-is-layout-9d6595d7 wp-block-columns-is-layout-flex\">\n<div class=\"wp-block-column is-vertically-aligned-center is-layout-flow wp-block-column-is-layout-flow\" style=\"flex-basis:50%\">\n<figure class=\"wp-block-image size-large is-resized\"><img decoding=\"async\" src=\"http:\/\/bussodoo.com\/wp-content\/uploads\/2020\/01\/neve-web-design-bg-10.jpg\" alt=\"\" class=\"wp-image-37\" style=\"width:526px;height:auto\"\/><\/figure>\n<\/div>\n\n\n\n<div class=\"wp-block-column is-vertically-aligned-center is-layout-flow wp-block-column-is-layout-flow\" style=\"flex-basis:50%\">\n<div style=\"height:20px\" aria-hidden=\"true\" class=\"wp-block-spacer\"><\/div>\n\n\n\n<h2 class=\"wp-block-heading has-text-align-left has-neve-text-color-color has-text-color\">Kundenspezifische Entwicklung<\/h2>\n\n\n\n<p class=\"has-text-align-left has-neve-text-color-color has-text-color\" style=\"font-size:17px\">Unser Unternehmen entwickelt Projekte ausgehend von der Entwicklung der Idee und der Zeichnung des Entwurfs. Alle Layouts werden in Figma erstellt und dem Kunden zur \u00dcberpr\u00fcfung bereitgestellt.<\/p>\n\n\n\n<p class=\"has-neve-text-color-color has-text-color has-link-color wp-elements-e6ee991fcc6fe8e74d20c23fa8268c39\" style=\"font-size:17px\">Das Designteam verwendet bei der Erstellung von Layouts moderne Stile und Ans\u00e4tze. Alle Komponenten sind nach einem responsiven Design f\u00fcr UI\/UX angeordnet.<\/p>\n\n\n\n<div class=\"wp-block-buttons is-horizontal is-content-justification-left is-layout-flex wp-container-core-buttons-is-layout-7e5fce0a wp-block-buttons-is-layout-flex\">\n<div class=\"wp-block-button is-style-primary\"><a class=\"wp-block-button__link wp-element-button\" href=\"https:\/\/bussodoo.com\/de\/services\/\">Mehr Details<\/a><\/div>\n<\/div>\n<\/div>\n<\/div>\n\n\n\n<div style=\"height:40px\" aria-hidden=\"true\" class=\"wp-block-spacer\"><\/div>\n<\/div><\/div>\n<\/div><\/div>\n\n\n\n<div class=\"wp-block-cover alignfull\" style=\"min-height:600px;aspect-ratio:unset;\"><span aria-hidden=\"true\" class=\"wp-block-cover__background has-nv-site-bg-background-color has-background-dim-100 has-background-dim\"><\/span><div class=\"wp-block-cover__inner-container is-layout-flow wp-block-cover-is-layout-flow\">\n<div class=\"wp-block-group\"><div class=\"wp-block-group__inner-container is-layout-flow wp-block-group-is-layout-flow\">\n<div style=\"height:80px\" aria-hidden=\"true\" class=\"wp-block-spacer\"><\/div>\n\n\n\n<div class=\"wp-block-columns are-vertically-aligned-center is-layout-flex wp-container-core-columns-is-layout-9d6595d7 wp-block-columns-is-layout-flex\">\n<div class=\"wp-block-column is-vertically-aligned-center is-layout-flow wp-block-column-is-layout-flow\" style=\"flex-basis:50%\">\n<h2 class=\"wp-block-heading has-text-align-left has-neve-text-color-color has-text-color\">Krypto-Entwicklung<\/h2>\n\n\n\n<p class=\"has-text-align-left has-neve-text-color-color has-text-color\" style=\"font-size:17px\">Unser Unternehmen besch\u00e4ftigt sich mit der Entwicklung und Integration von Kryptow\u00e4hrungen in Finanzplattformen. Unsere Erfahrung erm\u00f6glicht es uns, Kryptow\u00e4hrungsb\u00f6rsen unterschiedlicher Komplexit\u00e4t zu erstellen: zentralisierte und dezentrale Kryptoplattformen, P2P-Austauscher, NFT-Auktionen.<\/p>\n\n\n\n<p class=\"has-neve-text-color-color has-text-color has-link-color wp-elements-efd645ee2d0adab11499636830d2f335\" style=\"font-size:17px\">Gro\u00dfe Erfahrung in der Entwicklung und Pr\u00fcfung von Smart Contracts und der Implementierung von Kryptow\u00e4hrungen zur Zahlungsannahme. Unsere Experten erm\u00f6glichen Ihnen auch die Organisation der Arbeit Ihres Krypto-Projekts.<\/p>\n\n\n\n<div class=\"wp-block-buttons is-horizontal is-content-justification-left is-layout-flex wp-container-core-buttons-is-layout-7e5fce0a wp-block-buttons-is-layout-flex\">\n<div class=\"wp-block-button is-style-primary\"><a class=\"wp-block-button__link wp-element-button\" href=\"https:\/\/bussodoo.com\/de\/services\/\">Mehr Details<\/a><\/div>\n<\/div>\n\n\n\n<div style=\"height:40px\" aria-hidden=\"true\" class=\"wp-block-spacer\"><\/div>\n<\/div>\n\n\n\n<div class=\"wp-block-column is-vertically-aligned-center is-layout-flow wp-block-column-is-layout-flow\" style=\"flex-basis:50%\">\n<figure class=\"wp-block-image size-large is-resized\"><img loading=\"lazy\" decoding=\"async\" width=\"600\" height=\"600\" src=\"http:\/\/bussodoo.com\/wp-content\/uploads\/2020\/01\/neve-web-design-bg-13.jpg\" alt=\"\" class=\"wp-image-40\" style=\"width:572px;height:auto\" srcset=\"https:\/\/bussodoo.com\/wp-content\/uploads\/2020\/01\/neve-web-design-bg-13.jpg 600w, https:\/\/bussodoo.com\/wp-content\/uploads\/2020\/01\/neve-web-design-bg-13-300x300.jpg 300w, https:\/\/bussodoo.com\/wp-content\/uploads\/2020\/01\/neve-web-design-bg-13-150x150.jpg 150w\" sizes=\"(max-width: 600px) 100vw, 600px\" \/><\/figure>\n<\/div>\n<\/div>\n\n\n\n<div style=\"height:40px\" aria-hidden=\"true\" class=\"wp-block-spacer\"><\/div>\n<\/div><\/div>\n<\/div><\/div>\n\n\n\n<div class=\"wp-block-cover alignfull\" style=\"min-height:600px;aspect-ratio:unset;\"><span aria-hidden=\"true\" class=\"wp-block-cover__background has-nv-dark-bg-background-color has-background-dim-100 has-background-dim\"><\/span><div class=\"wp-block-cover__inner-container is-layout-flow wp-block-cover-is-layout-flow\">\n<div class=\"wp-block-group\"><div class=\"wp-block-group__inner-container is-layout-flow wp-block-group-is-layout-flow\">\n<div style=\"height:80px\" aria-hidden=\"true\" class=\"wp-block-spacer\"><\/div>\n\n\n\n<div class=\"wp-block-columns are-vertically-aligned-center is-layout-flex wp-container-core-columns-is-layout-9d6595d7 wp-block-columns-is-layout-flex\">\n<div class=\"wp-block-column is-vertically-aligned-center is-layout-flow wp-block-column-is-layout-flow\" style=\"flex-basis:50%\">\n<figure class=\"wp-block-image size-large is-resized\"><img decoding=\"async\" src=\"http:\/\/bussodoo.com\/wp-content\/uploads\/2020\/01\/neve-web-design-bg-08.jpg\" alt=\"\" class=\"wp-image-35\" style=\"width:537px;height:auto\"\/><\/figure>\n<\/div>\n\n\n\n<div class=\"wp-block-column is-vertically-aligned-center is-layout-flow wp-block-column-is-layout-flow\" style=\"flex-basis:50%\">\n<div style=\"height:40px\" aria-hidden=\"true\" class=\"wp-block-spacer\"><\/div>\n\n\n\n<h2 class=\"wp-block-heading has-text-align-left has-nv-text-dark-bg-color has-text-color\">KI-Entwicklung<\/h2>\n\n\n\n<p class=\"has-text-align-left has-nv-text-dark-bg-color has-text-color\" style=\"font-size:17px\">Datenanalysten und Python-Entwickler helfen bei der Implementierung k\u00fcnstlicher Intelligenz, um den Betrieb der Anwendung zu optimieren oder Routineprozesse im Unternehmen zu automatisieren. Die Installation und Einf\u00fchrung vorgefertigter Modelle mit Training f\u00fchrt zu hervorragenden Ergebnissen bei der erfolgreichen Integration neuronaler Netze.<\/p>\n\n\n\n<p class=\"has-nv-site-bg-color has-text-color has-link-color wp-elements-e98b4fc7fb67c4416c5fda6cfa715f79\" style=\"font-size:17px\">Das Entwicklungsteam bereitet Skripte f\u00fcr die Verarbeitung von Video, Bildern und Audio f\u00fcr die Implementierung in Ihre Plattform vor. Neue L\u00f6sungen werden die Effizienz Ihrer Plattform deutlich steigern und sie f\u00fcr Nutzer attraktiver machen.<\/p>\n\n\n\n<div class=\"wp-block-buttons is-horizontal is-content-justification-left is-layout-flex wp-container-core-buttons-is-layout-7e5fce0a wp-block-buttons-is-layout-flex\">\n<div class=\"wp-block-button is-style-primary\"><a class=\"wp-block-button__link wp-element-button\" href=\"https:\/\/bussodoo.com\/de\/services\/\">Mehr Details<\/a><\/div>\n<\/div>\n<\/div>\n<\/div>\n\n\n\n<div style=\"height:50px\" aria-hidden=\"true\" class=\"wp-block-spacer\"><\/div>\n<\/div><\/div>\n<\/div><\/div>\n\n\n\n<div style=\"height:50px\" aria-hidden=\"true\" class=\"wp-block-spacer\"><\/div>\n\n\n\n<h2 class=\"wp-block-heading has-text-align-center\">Latest Posts<\/h2>\n\n\n\n<div style=\"height:50px\" aria-hidden=\"true\" class=\"wp-block-spacer\"><\/div>\n\n\n<div class=\"wp-block-themeisle-blocks-posts-grid\" id=\"wp-block-themeisle-blocks-posts-grid-3e29c968\"><div class=\"is-grid o-posts-grid-columns-3\"><div class=\"o-posts-grid-post-blog o-posts-grid-post-plain\"><div class=\"o-posts-grid-post\"><div class=\"o-posts-grid-post-image\"><a href=\"https:\/\/bussodoo.com\/de\/advantages-of-trading-on-the-pancakeswap-decentralized-exchange\/\"><img loading=\"lazy\" decoding=\"async\" width=\"1600\" height=\"1040\" src=\"https:\/\/bussodoo.com\/wp-content\/uploads\/2024\/07\/dex.jpg\" class=\"attachment-full size-full\" alt=\"Vorteile des Handels an der dezentralen B\u00f6rse PancakeSwap\" srcset=\"https:\/\/bussodoo.com\/wp-content\/uploads\/2024\/07\/dex.jpg 1600w, https:\/\/bussodoo.com\/wp-content\/uploads\/2024\/07\/dex-300x195.jpg 300w, https:\/\/bussodoo.com\/wp-content\/uploads\/2024\/07\/dex-1024x666.jpg 1024w, https:\/\/bussodoo.com\/wp-content\/uploads\/2024\/07\/dex-768x499.jpg 768w, https:\/\/bussodoo.com\/wp-content\/uploads\/2024\/07\/dex-1536x998.jpg 1536w\" sizes=\"(max-width: 1600px) 100vw, 1600px\" \/><\/a><\/div><div class=\"o-posts-grid-post-body\"><span class=\"o-posts-grid-post-category\"><a href=\"https:\/\/bussodoo.com\/de\/category\/crypto\/\">Crypto<\/a><\/span><h4 class=\"o-posts-grid-post-title\"><a href=\"https:\/\/bussodoo.com\/de\/advantages-of-trading-on-the-pancakeswap-decentralized-exchange\/\">Vorteile des Handels an der dezentralen B\u00f6rse PancakeSwap<\/a><\/h4><div class=\"o-posts-grid-post-description\"><p>Die Nachfrage nach Dienstleistungen dezentraler B\u00f6rsen f\u00fcr den Handel mit Kryptow\u00e4hrungen nimmt zune\u2026<\/p><\/div><\/div><\/div><\/div><div class=\"o-posts-grid-post-blog o-posts-grid-post-plain\"><div class=\"o-posts-grid-post\"><div class=\"o-posts-grid-post-image\"><a href=\"https:\/\/bussodoo.com\/de\/forex-trading-tips-for-beginners\/\"><img loading=\"lazy\" decoding=\"async\" width=\"1600\" height=\"1067\" src=\"https:\/\/bussodoo.com\/wp-content\/uploads\/2024\/07\/forex-tips.jpg\" class=\"attachment-full size-full\" alt=\"Forex-Handelstipps f\u00fcr Anf\u00e4nger\" srcset=\"https:\/\/bussodoo.com\/wp-content\/uploads\/2024\/07\/forex-tips.jpg 1600w, https:\/\/bussodoo.com\/wp-content\/uploads\/2024\/07\/forex-tips-300x200.jpg 300w, https:\/\/bussodoo.com\/wp-content\/uploads\/2024\/07\/forex-tips-1024x683.jpg 1024w, https:\/\/bussodoo.com\/wp-content\/uploads\/2024\/07\/forex-tips-768x512.jpg 768w, https:\/\/bussodoo.com\/wp-content\/uploads\/2024\/07\/forex-tips-1536x1024.jpg 1536w, https:\/\/bussodoo.com\/wp-content\/uploads\/2024\/07\/forex-tips-930x620.jpg 930w\" sizes=\"(max-width: 1600px) 100vw, 1600px\" \/><\/a><\/div><div class=\"o-posts-grid-post-body\"><span class=\"o-posts-grid-post-category\"><a href=\"https:\/\/bussodoo.com\/de\/category\/business\/\">Business<\/a><\/span><h4 class=\"o-posts-grid-post-title\"><a href=\"https:\/\/bussodoo.com\/de\/forex-trading-tips-for-beginners\/\">Forex-Handelstipps f\u00fcr Anf\u00e4nger<\/a><\/h4><div class=\"o-posts-grid-post-description\"><p>Der W\u00e4hrungsumtausch in Echtzeit an speziellen B\u00f6rsen und virtuellen M\u00e4rkten ist eine M\u00f6glichkeit, I\u2026<\/p><\/div><\/div><\/div><\/div><div class=\"o-posts-grid-post-blog o-posts-grid-post-plain\"><div class=\"o-posts-grid-post\"><div class=\"o-posts-grid-post-image\"><a href=\"https:\/\/bussodoo.com\/de\/top-5-altcoins-for-trading-on-the-crypto-exchange\/\"><img loading=\"lazy\" decoding=\"async\" width=\"1600\" height=\"855\" src=\"https:\/\/bussodoo.com\/wp-content\/uploads\/2024\/06\/alt-back.jpg\" class=\"attachment-full size-full\" alt=\"Die 5 besten Altcoins f\u00fcr den Handel an der Kryptob\u00f6rse\" srcset=\"https:\/\/bussodoo.com\/wp-content\/uploads\/2024\/06\/alt-back.jpg 1600w, https:\/\/bussodoo.com\/wp-content\/uploads\/2024\/06\/alt-back-300x160.jpg 300w, https:\/\/bussodoo.com\/wp-content\/uploads\/2024\/06\/alt-back-1024x547.jpg 1024w, https:\/\/bussodoo.com\/wp-content\/uploads\/2024\/06\/alt-back-768x410.jpg 768w, https:\/\/bussodoo.com\/wp-content\/uploads\/2024\/06\/alt-back-1536x821.jpg 1536w\" sizes=\"(max-width: 1600px) 100vw, 1600px\" \/><\/a><\/div><div class=\"o-posts-grid-post-body\"><span class=\"o-posts-grid-post-category\"><a href=\"https:\/\/bussodoo.com\/de\/category\/crypto\/\">Crypto<\/a><\/span><h4 class=\"o-posts-grid-post-title\"><a href=\"https:\/\/bussodoo.com\/de\/top-5-altcoins-for-trading-on-the-crypto-exchange\/\">Die 5 besten Altcoins f\u00fcr den Handel an der Kryptob\u00f6rse<\/a><\/h4><div class=\"o-posts-grid-post-description\"><p>Die Kryptoindustrie hat in den letzten Jahrzehnten erhebliche Ver\u00e4nderungen erfahren. Diese Branche \u2026<\/p><\/div><\/div><\/div><\/div><\/div> <\/div>\n\n\n<div style=\"height:100px\" aria-hidden=\"true\" class=\"wp-block-spacer\"><\/div>\n\n\n\n<div class=\"wp-block-cover alignfull\" style=\"min-height:420px;aspect-ratio:unset;\"><span aria-hidden=\"true\" class=\"wp-block-cover__background has-nv-light-bg-background-color has-background-dim-100 has-background-dim\"><\/span><div class=\"wp-block-cover__inner-container is-layout-flow wp-block-cover-is-layout-flow\">\n<div style=\"height:80px\" aria-hidden=\"true\" class=\"wp-block-spacer\"><\/div>\n\n\n\n<div class=\"wp-block-columns is-layout-flex wp-container-core-columns-is-layout-9d6595d7 wp-block-columns-is-layout-flex\">\n<div class=\"wp-block-column ticss-4ce656f1 is-layout-flow wp-block-column-is-layout-flow\">\n<figure class=\"wp-block-image size-large is-resized is-style-rounded\"><img loading=\"lazy\" decoding=\"async\" width=\"400\" height=\"400\" src=\"http:\/\/bussodoo.com\/wp-content\/uploads\/2020\/12\/neve-web-design-studio-03.1.jpg\" alt=\"\" class=\"wp-image-215\" style=\"width:80px;height:80px\" srcset=\"https:\/\/bussodoo.com\/wp-content\/uploads\/2020\/12\/neve-web-design-studio-03.1.jpg 400w, https:\/\/bussodoo.com\/wp-content\/uploads\/2020\/12\/neve-web-design-studio-03.1-300x300.jpg 300w, https:\/\/bussodoo.com\/wp-content\/uploads\/2020\/12\/neve-web-design-studio-03.1-150x150.jpg 150w\" sizes=\"(max-width: 400px) 100vw, 400px\" \/><\/figure>\n\n\n\n<div style=\"height:24px\" aria-hidden=\"true\" class=\"wp-block-spacer\"><\/div>\n\n\n\n<p class=\"has-text-align-left has-neve-text-color-color has-text-color\"><em>\u201cDas Unternehmen Bussodoo hat f\u00fcr uns eine Crowdfunding-Plattform entwickelt. Die Jungs boten die beste L\u00f6sung und lieferten interessante Ideen f\u00fcr die Umsetzung unseres Projekts. Hervorragende Kommunikation und hohe Professionalit\u00e4t.\u201d<\/em><\/p>\n\n\n\n<p class=\"has-neve-text-color-color has-text-color\">Britain Cormier<\/p>\n\n\n\n<div style=\"height:20px\" aria-hidden=\"true\" class=\"wp-block-spacer\"><\/div>\n<\/div>\n\n\n\n<div class=\"wp-block-column ticss-f6fc7494 is-layout-flow wp-block-column-is-layout-flow\">\n<figure class=\"wp-block-image size-large is-resized is-style-rounded\"><img loading=\"lazy\" decoding=\"async\" width=\"400\" height=\"400\" src=\"http:\/\/bussodoo.com\/wp-content\/uploads\/2020\/12\/neve-web-design-studio-04.1.jpg\" alt=\"\" class=\"wp-image-216\" style=\"width:80px;height:80px\" srcset=\"https:\/\/bussodoo.com\/wp-content\/uploads\/2020\/12\/neve-web-design-studio-04.1.jpg 400w, https:\/\/bussodoo.com\/wp-content\/uploads\/2020\/12\/neve-web-design-studio-04.1-300x300.jpg 300w, https:\/\/bussodoo.com\/wp-content\/uploads\/2020\/12\/neve-web-design-studio-04.1-150x150.jpg 150w\" sizes=\"(max-width: 400px) 100vw, 400px\" \/><\/figure>\n\n\n\n<div style=\"height:24px\" aria-hidden=\"true\" class=\"wp-block-spacer\"><\/div>\n\n\n\n<p class=\"has-text-align-left has-neve-text-color-color has-text-color\"><em>\u201cMein Partner und ich haben die Arbeit an einem Kryptoprojekt abgeschlossen. Dies ist eine kleine Finanzseite, die Kreditdienstleistungen f\u00fcr Unternehmen anbietet. Das Team von Bussodoo hat alles p\u00fcnktlich und nach unseren Anforderungen erledigt. Wir werden weiterarbeiten!\u201d<\/em><\/p>\n\n\n\n<p class=\"has-neve-text-color-color has-text-color\">Gordon Rao<\/p>\n\n\n\n<div style=\"height:20px\" aria-hidden=\"true\" class=\"wp-block-spacer\"><\/div>\n<\/div>\n\n\n\n<div class=\"wp-block-column ticss-a5b4df29 is-layout-flow wp-block-column-is-layout-flow\">\n<figure class=\"wp-block-image size-large is-resized is-style-rounded\"><img loading=\"lazy\" decoding=\"async\" width=\"400\" height=\"400\" src=\"http:\/\/bussodoo.com\/wp-content\/uploads\/2020\/12\/neve-web-design-studio-02.1.jpg\" alt=\"\" class=\"wp-image-214\" style=\"width:80px;height:80px\" srcset=\"https:\/\/bussodoo.com\/wp-content\/uploads\/2020\/12\/neve-web-design-studio-02.1.jpg 400w, https:\/\/bussodoo.com\/wp-content\/uploads\/2020\/12\/neve-web-design-studio-02.1-300x300.jpg 300w, https:\/\/bussodoo.com\/wp-content\/uploads\/2020\/12\/neve-web-design-studio-02.1-150x150.jpg 150w\" sizes=\"(max-width: 400px) 100vw, 400px\" \/><\/figure>\n\n\n\n<div style=\"height:24px\" aria-hidden=\"true\" class=\"wp-block-spacer\"><\/div>\n\n\n\n<p class=\"has-text-align-left has-neve-text-color-color has-text-color\">\u201cIch habe die Entwicklung einer Website zur Generierung von Bildern auf Basis von KI in Auftrag gegeben. Das Team bot eine Option an, die voll und ganz zu meinem Budget und Zeitrahmen passte. Nat\u00fcrlich ist es am Ende etwas l\u00e4nger geworden als geplant, aber wir haben es erfolgreich abgeschlossen.\u201d<\/p>\n\n\n\n<p class=\"has-neve-text-color-color has-text-color\">Jamie Dalton<\/p>\n\n\n\n<div style=\"height:20px\" aria-hidden=\"true\" class=\"wp-block-spacer\"><\/div>\n<\/div>\n<\/div>\n\n\n\n<div style=\"height:30px\" aria-hidden=\"true\" class=\"wp-block-spacer\"><\/div>\n<\/div><\/div>\n\n\n\n<div class=\"wp-block-cover alignfull\" style=\"min-height:300px;aspect-ratio:unset;\"><span aria-hidden=\"true\" class=\"wp-block-cover__background has-nv-dark-bg-background-color has-background-dim-100 has-background-dim\"><\/span><div class=\"wp-block-cover__inner-container is-layout-flow wp-block-cover-is-layout-flow\">\n<div style=\"height:140px\" aria-hidden=\"true\" class=\"wp-block-spacer\"><\/div>\n\n\n\n<h2 class=\"wp-block-heading has-text-align-center has-nv-text-dark-bg-color has-text-color\">Unser Team hilft Ihnen bei der Entwicklung eines Projekts beliebiger Komplexit\u00e4t und sorgt f\u00fcr die beste Erfahrung.<\/h2>\n\n\n\n<p class=\"has-text-align-center has-nv-site-bg-color has-text-color has-link-color wp-elements-c20e98222858bd5ccd6b93de8281d5eb\" style=\"font-size:17px\">Our experts wilUnsere Experten besprechen Ihre Idee und bieten Ihnen die beste Option hinsichtlich Preis und Entwicklungszeit.<br>Vollst\u00e4ndiger Lieferzyklus vom Design \u00fcber das Testen bis zur Freigabe.<\/p>\n\n\n\n<div class=\"wp-block-buttons is-horizontal is-content-justification-center is-layout-flex wp-container-core-buttons-is-layout-499968f5 wp-block-buttons-is-layout-flex\">\n<div class=\"wp-block-button is-style-primary\"><a class=\"wp-block-button__link wp-element-button\" href=\"https:\/\/bussodoo.com\/de\/about-us\/\">Mehr Details<\/a><\/div>\n<\/div>\n\n\n\n<div style=\"height:140px\" aria-hidden=\"true\" class=\"wp-block-spacer\"><\/div>\n<\/div><\/div>\n","protected":false},"excerpt":{"rendered":"<p>KI-Entwicklung Entwicklung und Implementierung k\u00fcnstlicher Intelligenz in Datenverarbeitungsanwendungen. Krypto-Entwicklung Entwicklung eigener Kryptow\u00e4hrungen, zentralisierter Plattformen und NFT-Marktpl\u00e4tze. Kundenspezifische Entwicklung Entwicklung skalierbarer Projekte auf Basis einer Microservice-Architektur. Latest Posts<\/p>\n","protected":false},"author":1,"featured_media":0,"parent":0,"menu_order":0,"comment_status":"closed","ping_status":"closed","template":"","meta":{"_coblocks_attr":"","_coblocks_dimensions":"","_coblocks_responsive_height":"","_coblocks_accordion_ie_support":"","neve_meta_sidebar":"default","neve_meta_container":"default","neve_meta_enable_content_width":"on","neve_meta_content_width":100,"neve_meta_title_alignment":"","neve_meta_author_avatar":"","neve_post_elements_order":"","neve_meta_disable_header":"","neve_meta_disable_footer":"","neve_meta_disable_title":"on","_themeisle_gutenberg_block_has_review":false,"footnotes":""},"class_list":["post-307","page","type-page","status-publish","hentry"],"_links":{"self":[{"href":"https:\/\/bussodoo.com\/de\/wp-json\/wp\/v2\/pages\/307","targetHints":{"allow":["GET"]}}],"collection":[{"href":"https:\/\/bussodoo.com\/de\/wp-json\/wp\/v2\/pages"}],"about":[{"href":"https:\/\/bussodoo.com\/de\/wp-json\/wp\/v2\/types\/page"}],"author":[{"embeddable":true,"href":"https:\/\/bussodoo.com\/de\/wp-json\/wp\/v2\/users\/1"}],"replies":[{"embeddable":true,"href":"https:\/\/bussodoo.com\/de\/wp-json\/wp\/v2\/comments?post=307"}],"version-history":[{"count":57,"href":"https:\/\/bussodoo.com\/de\/wp-json\/wp\/v2\/pages\/307\/revisions"}],"predecessor-version":[{"id":682,"href":"https:\/\/bussodoo.com\/de\/wp-json\/wp\/v2\/pages\/307\/revisions\/682"}],"wp:attachment":[{"href":"https:\/\/bussodoo.com\/de\/wp-json\/wp\/v2\/media?parent=307"}],"curies":[{"name":"wp","href":"https:\/\/api.w.org\/{rel}","templated":true}]}}